{"id":1972,"date":"2021-06-09T10:44:44","date_gmt":"2021-06-09T08:44:44","guid":{"rendered":"https:\/\/www.rcmsc.de\/cms\/?page_id=1972"},"modified":"2021-08-20T13:31:14","modified_gmt":"2021-08-20T11:31:14","slug":"trainingstage-termine","status":"publish","type":"page","link":"https:\/\/www.rcmsc.de\/cms\/trainingstage-termine\/","title":{"rendered":"Gastfahrerbetrieb w\u00e4hrend Corona"},"content":{"rendered":"\n<p>Nach langer Zwangspause \u00f6ffnen wir zu bestimmten Terminen unsere Strecke auch wieder f\u00fcr Gastfahrer. Zur besseren Planbarkeit und um der noch geltenden Corona-Verordnung des Landes Baden-W\u00fcrttemberg zu entsprechen, sind wir gezwungen, Adressinformationen der Teilnehmer aufzunehmen und f\u00fcr eine m\u00f6gliche Kontaktnachverfolgung aufzubewahren. Auch Vereinsmitglieder haben sich an diesen Tagen f\u00fcr die Veranstaltung anzumelden. Eine Anmeldung zu einem Termin ist bis zum Vortag um 22 Uhr m\u00f6glich.\u00a0<\/p>\n<p><span style=\"color: #ff0000;\">Bei der An- und Abfahrt zur Rennstrecke ist in der Teichstra\u00dfe Schrittgeschwindigkeit zu fahren. In diesem Bereich spielen regelm\u00e4\u00dfig Kinder. Nichtbeachtung dieser Anweisung f\u00fchrt zu einem Hausverbot auf unserem Vereinsgel\u00e4nde!<\/span><\/p>\n<h1><strong>Bahnordnung<\/strong><\/h1>\n<p><strong>Bitte lest euch die Bahnordnung f\u00fcr den Gastfahrerbetrieb w\u00e4hrend der Corona-Pandemie aufmerksam durch und befolgt die Regeln w\u00e4hrend eurer Anwesenheit. Ungereimtheiten k\u00f6nnen im ung\u00fcnstigen Fall sowohl Euch als auch uns als Verein teuer zu stehen kommen.\u00a0<\/strong><\/p>\n<h4><strong>Bahnordnung f\u00fcr den Gastfahrerbetrieb w\u00e4hrend der Corona-Pandemie<\/strong><\/h4>\n<ul>\n<li>Gastfahrern ist das Betreten und Benutzen der Rennstrecke ist <span style=\"color: #ff0000;\">nur nach vorheriger Anmeldung<\/span> gestattet<\/li>\n<li>Eine erfolgreiche Anmeldung wird durch eine E-Mail mit den Registrierungsdetails best\u00e4tigt. Diese ist bei Ankunft dem Bahndienst vorzuzeigen<\/li>\n<li>Trainingstermine werden auf unserer Webseite <a href=\"http:\/\/www.rcmsc.de\">rcmsc.de<\/a> und \u00fcber die sozialen Medien im Vorfeld ver\u00f6ffentlicht<\/li>\n<li>Die Anmeldung ist verpflichtend und muss bei Nichterscheinen rechtzeitig abgesagt werden<\/li>\n<li><span style=\"color: #ff0000;\">Nach aktuellem Stand (09.06.2021) besteht im Landkreis Heilbronn nach \u00a7 21 Absatz 5a der Landes-Corona-Verordnung f\u00fcr den Au\u00dfenbereich keine Testpflicht mehr &#8211; dies kann sich jedoch wieder \u00e4ndern. Vor Erscheinen an der Strecke bitte mit den aktuell geltenden Auflagen des Landkreises Heilbronn vertraut machen<\/span><\/li>\n<li>Der <span style=\"color: #ff0000;\">Mindestabstand von 1.5m<\/span> muss gewahrt werden<\/li>\n<li>Kann der Abstand von 1,5m nicht eingehalten werden ist eine <span style=\"color: #ff0000;\">medizinische Maske<\/span> zu tragen<\/li>\n<li><span style=\"color: #ff0000;\">Es m\u00fcssen Stuhl, Tisch, Mehrfachstecker und evtl. Pavillon selbst mitgebracht werden.<\/span> Der Schrauberplatz ist hinter dem Fahrerstand aufzubauen. Auch hier ist der Mindestabstand von 1,5m zu anderen einzuhalten<\/li>\n<li>Es d\u00fcrfen sich maximal 5 Personen gleichzeitig auf dem Fahrerstand befinden<\/li>\n<li>Im \u00fcberdachten Fahrerlager d\u00fcrfen sich maximal 4 Personen aufhalten<\/li>\n<li>Zuschauer sowie nicht angemeldete Fahrer sind nicht erlaubt<\/li>\n<li>Es stehen M\u00f6glichkeiten zum H\u00e4ndewaschen sowie Desinfektionsmittel zur Verf\u00fcgung<\/li>\n<\/ul>\n<p>Wir bitten euch, die Regeln zu beachten und f\u00fcr einen stressfreien Betrieb auch zu befolgen.<\/p>\n<p>Sollte den Regeln keine Beachtung geschenkt werden, ist der Bahndienst befugt, nach Ermahnung und weiterer Nichtbeachtung ein Hausverbot auszusprechen und die betreffende(n) Person(en) des Gel\u00e4ndes zu verweisen. Diskussionen \u00fcber die Auslegung der Regeln sind nicht zielf\u00fchrend und somit bitte zu unterlassen.<\/p>\n<p>Wir w\u00fcnschen euch viel Spa\u00df und ein angenehmes Fahren hier im Greuthof!<\/p>\n<p><strong><span style=\"color: #ff0000;\">Mit der verbindlichen Registrierung stimmt ihr zu, die Regeln aufmerksam gelesen zu haben, diese zu befolgen und im Falle einer Nicht-Teilnahme rechtzeitig abzusagen, sodass ein anderer Fahrer den Platz einnehmen kann<\/span>.<\/strong><\/p>\n\n\n\n[ESPRESSO_EVENTS title=&#8220;Termine und Anmeldung&#8220;]\n","protected":false},"excerpt":{"rendered":"<p>Nach langer Zwangspause \u00f6ffnen wir zu bestimmten Terminen unsere Strecke auch wieder f\u00fcr Gastfahrer. Zur besseren Planbarkeit und um der noch geltenden Corona-Verordnung des Landes Baden-W\u00fcrttemberg zu entsprechen, sind wir gezwungen, Adressinformationen der Teilnehmer aufzunehmen und f\u00fcr eine m\u00f6gliche Kontaktnachverfolgung aufzubewahren. Auch Vereinsmitglieder haben &hellip; <a class=\"kt-excerpt-readmore\" href=\"https:\/\/www.rcmsc.de\/cms\/trainingstage-termine\/\" aria-label=\"Gastfahrerbetrieb w\u00e4hrend Corona\">Weiterlesen<\/a><\/p>\n","protected":false},"author":2,"featured_media":0,"parent":0,"menu_order":0,"comment_status":"closed","ping_status":"closed","template":"","meta":{"kt_blocks_editor_width":"","footnotes":""},"class_list":["post-1972","page","type-page","status-publish","hentry"],"_links":{"self":[{"href":"https:\/\/www.rcmsc.de\/cms\/wp-json\/wp\/v2\/pages\/1972","targetHints":{"allow":["GET"]}}],"collection":[{"href":"https:\/\/www.rcmsc.de\/cms\/wp-json\/wp\/v2\/pages"}],"about":[{"href":"https:\/\/www.rcmsc.de\/cms\/wp-json\/wp\/v2\/types\/page"}],"author":[{"embeddable":true,"href":"https:\/\/www.rcmsc.de\/cms\/wp-json\/wp\/v2\/users\/2"}],"replies":[{"embeddable":true,"href":"https:\/\/www.rcmsc.de\/cms\/wp-json\/wp\/v2\/comments?post=1972"}],"version-history":[{"count":0,"href":"https:\/\/www.rcmsc.de\/cms\/wp-json\/wp\/v2\/pages\/1972\/revisions"}],"wp:attachment":[{"href":"https:\/\/www.rcmsc.de\/cms\/wp-json\/wp\/v2\/media?parent=1972"}],"curies":[{"name":"wp","href":"https:\/\/api.w.org\/{rel}","templated":true}]}}