{"id":2229,"date":"2021-08-20T10:16:49","date_gmt":"2021-08-20T08:16:49","guid":{"rendered":"https:\/\/www.rcmsc.de\/cms\/?page_id=2229"},"modified":"2022-06-14T14:37:55","modified_gmt":"2022-06-14T12:37:55","slug":"tos_2022","status":"publish","type":"page","link":"https:\/\/www.rcmsc.de\/cms\/tos_2022\/","title":{"rendered":"Infoseite Tonisport Onroad Series 18.-19.06.2022"},"content":{"rendered":"\n<p><a href=\"https:\/\/www.rcmsc.de\/cms\/wp-content\/uploads\/2022\/04\/Plakat-TOS_2.jpg\"><img loading=\"lazy\" decoding=\"async\" class=\"aligncenter  wp-image-2619\" src=\"https:\/\/www.rcmsc.de\/cms\/wp-content\/uploads\/2022\/04\/Plakat-TOS_2.jpg\" alt=\"\" width=\"392\" height=\"294\" srcset=\"https:\/\/www.rcmsc.de\/cms\/wp-content\/uploads\/2022\/04\/Plakat-TOS_2.jpg 2000w, https:\/\/www.rcmsc.de\/cms\/wp-content\/uploads\/2022\/04\/Plakat-TOS_2-300x225.jpg 300w, https:\/\/www.rcmsc.de\/cms\/wp-content\/uploads\/2022\/04\/Plakat-TOS_2-1200x900.jpg 1200w, https:\/\/www.rcmsc.de\/cms\/wp-content\/uploads\/2022\/04\/Plakat-TOS_2-768x576.jpg 768w, https:\/\/www.rcmsc.de\/cms\/wp-content\/uploads\/2022\/04\/Plakat-TOS_2-1536x1152.jpg 1536w\" sizes=\"auto, (max-width: 392px) 100vw, 392px\" \/><\/a><\/p>\n<p>Am Wochenende des 18.-19. Juni 2022 findet auf der permanenten Rennstrecke des RC-MSC Greuthof in W\u00fcstenrot-Greuthof ein Lauf der Tonisport Onraod Series statt. Die Veranstaltung hat zudem ein DMC Pr\u00e4dikat und z\u00e4hlt f\u00fcr den Sportkreis S\u00fcd als Lauf zur Sportkreismeisterschaft.\u00a0<\/p>\n<p><strong><span style=\"font-size: medium; color: #1b8be0;\">Aktuelles<\/span><\/strong><\/p>\n<ul>\n<li>Nennschluss am Mittwoch 15.06.2022<\/li>\n<li>Training mit Zeitnahme bereits ab Samstagmorgen(18.06) 10:00 Uhr m\u00f6glich<\/li>\n<li>\n<div dir=\"auto\">Wie im letzten Jahr auch fahren wir SD Sport mit Limiter, auch wenn es diese \u00c4nderung noch nicht ins offizielle Reglement geschafft hat. Gesteigerte Chancengleichheit und spannendere Duelle f\u00fcr alle <span class=\"pq6dq46d tbxw36s4 knj5qynh kvgmc6g5 ditlmg2l oygrvhab nvdbi5me sf5mxxl7 gl3lb2sf hhz5lgdu\"><img loading=\"lazy\" decoding=\"async\" src=\"https:\/\/static.xx.fbcdn.net\/images\/emoji.php\/v9\/ta5\/1.5\/16\/1f642.png\" alt=\"\ud83d\ude42\" width=\"16\" height=\"16\" \/> <\/span>Solltet ihr keine M\u00f6glichkeit haben im Vorfeld die Firmware zu wechseln &#8211; Notebook und Programmierkarte haben wir an der Strecke. Sprecht uns einfach darauf an!<\/div>\n<\/li>\n<li>Maximal 7 Fahrer auf dem Fahrerstand<\/li>\n<li>Bitte gebt bei der Nennung auch eure alternativen Transpondernummern an<\/li>\n<li>Bei der An- und Abfahrt zur Rennstrecke ist in der Teichstra\u00dfe Schrittgeschwindigkeit zu fahren. In diesem Bereich spielen regelm\u00e4\u00dfig Kinder. Nichtbeachtung dieser Anweisung f\u00fchrt zum Ausschluss aus der Veranstaltung und zu einem Hausverbot auf unserem Vereinsgel\u00e4nde!<\/li>\n<\/ul>\n<p><strong><span style=\"font-size: medium; color: #1b8be0;\">Reglement und Klassen<\/span><\/strong><\/p>\n<p>Das Tonisport Onroad Series Reglement findet sich <a href=\"https:\/\/www.tonisport-onroad-series.de\/tos\/reglement\/\" target=\"_blank\" rel=\"noopener\">&gt;&gt;hier<\/a><br \/>Infos zu den gefahrenen Klassen gibt&#8217;s <a href=\"https:\/\/www.tonisport-onroad-series.de\/tos\/rennklassen\/\" target=\"_blank\" rel=\"noopener\">&gt;&gt;hier<\/a><\/p>\n<p><strong><span style=\"font-size: medium; color: #1b8be0;\">Ausschreibung und Nennung \u00fcber myrcm.ch<\/span><\/strong><\/p>\n<p><a href=\"https:\/\/www.tonisport-onroad-series.de\/wp-content\/uploads\/sites\/5\/2022\/05\/Ausschreibung-TOS-Sued-2022-2023-RD3-Greuthof-mit-DMC.pdf\" target=\"_blank\" rel=\"noopener\"><span style=\"text-decoration: underline;\">&gt;&gt;Download Ausschreibung<\/span><\/a><\/p>\n<p><a href=\"https:\/\/www.myrcm.ch\/myrcm\/main?pLa=de&amp;dFi=greuthof&amp;dId[E]=64230\" target=\"_blank\" rel=\"noopener\"><span style=\"text-decoration: underline;\">&gt;&gt;zur Nennung (myrcm.ch)<\/span><\/a><\/p>\n<p><a href=\"https:\/\/www.myrcm.ch\/myrcm\/main?hId[1]=bkg&amp;dId[E]=64230&amp;dLt=reg&amp;pLa=de&amp;lType=rList\" target=\"_blank\" rel=\"noopener\"><span style=\"text-decoration: underline;\">&gt;&gt;aktuelle Teilnehmerliste<\/span><\/a><\/p>\n<p><strong><span style=\"font-size: medium; color: #1b8be0;\">Parkpl\u00e4tze<\/span><\/strong><\/p>\n<p>Die Parkplatzsituation an unserer Strecke ist bei gr\u00f6\u00dferen Veranstaltungen aufgrund der zur Verf\u00fcgung stehenden Fl\u00e4chen meist etwas angespannt. Die geschotterte Fl\u00e4che zwischen Waldweg und der Pavillonstellfl\u00e4che kann zum Parken benutzt werden. Bitte einigerma\u00dfen platzsparend parken und darauf achten, dass der Weg hinter den abgestellten Fahrzeugen frei bleibt. Zus\u00e4tzlich kann die Wiese unterhalb als Parkplatz genutzt werden.<\/p>\n<p>Vom wilden Parken au\u00dferhalb der markierten Fl\u00e4chen bitten wir auch aus R\u00fccksicht auf die Anwohner m\u00f6glichst abzusehen. Bisher haben wir immer alle Fahrzeuge gut untergebracht.<\/p>\n<p><strong><span style=\"font-size: medium; color: #1b8be0;\">Fahrerlager\/Verpflegung<\/span><\/strong><\/p>\n<ul>\n<li>Die Anzahl der Pl\u00e4tze in unserem \u00fcberdachten Fahrerlager ist begrenzt. <strong>Bitte bringt einen Pavillon, Stuhl und Tisch selbst mit. Ein Verl\u00e4ngerungskabel f\u00fcr die Stromversorgung ist ebenso notwendig. Zur Not stehen Biertischgarnituren als Sitz- und Arbeitsgelegenheiten zur Verf\u00fcgung<\/strong><\/li>\n<li>230V-Anschl\u00fcsse sind ausreichend vorhanden, evtl. Mehrfachstecker o.\u00e4. mitbringen<\/li>\n<li>WCs an der Strecke vorhanden.<\/li>\n<li>f\u00fcr die Bewirtung der Veranstaltung am Samstag und Sonntag ist bestens gesorgt<\/li>\n<li>\u00dcbersicht Vereinsgel\u00e4nde:<a href=\"https:\/\/www.rcmsc.de\/cms\/wp-content\/uploads\/2022\/05\/Karte_Greuthof_Strecke_V5.jpg\"><img loading=\"lazy\" decoding=\"async\" class=\"aligncenter size-full wp-image-2635\" src=\"https:\/\/www.rcmsc.de\/cms\/wp-content\/uploads\/2022\/05\/Karte_Greuthof_Strecke_V5.jpg\" alt=\"\" width=\"2000\" height=\"1727\" srcset=\"https:\/\/www.rcmsc.de\/cms\/wp-content\/uploads\/2022\/05\/Karte_Greuthof_Strecke_V5.jpg 2000w, https:\/\/www.rcmsc.de\/cms\/wp-content\/uploads\/2022\/05\/Karte_Greuthof_Strecke_V5-300x259.jpg 300w, https:\/\/www.rcmsc.de\/cms\/wp-content\/uploads\/2022\/05\/Karte_Greuthof_Strecke_V5-1186x1024.jpg 1186w, https:\/\/www.rcmsc.de\/cms\/wp-content\/uploads\/2022\/05\/Karte_Greuthof_Strecke_V5-768x663.jpg 768w, https:\/\/www.rcmsc.de\/cms\/wp-content\/uploads\/2022\/05\/Karte_Greuthof_Strecke_V5-1536x1326.jpg 1536w\" sizes=\"auto, (max-width: 2000px) 100vw, 2000px\" \/><\/a><\/li>\n<\/ul>\n<h2><strong><span style=\"font-size: medium; color: #1b8be0;\">Rennablauf<\/span><\/strong><\/h2>\n<ul>\n<li><strong>Samstag 18.06<\/strong>\n<ul>\n<li>freies Training bzw. bei gen\u00fcgend anwesenden Teilnehmern bereits Training in Gruppen<\/li>\n<\/ul>\n<\/li>\n<li><strong>Sonntag 19.06<\/strong>\n<ul>\n<li>Freies Training<\/li>\n<li>3 Vorl\u00e4ufe<\/li>\n<li>3 Finall\u00e4ufe<\/li>\n<\/ul>\n<\/li>\n<li><strong>Vorl\u00e4ufe<\/strong>\n<ul>\n<li>Bei der \u201enoch 30 Sekunden\u201c-Ansage sollten die Fahrzeuge zum Vorstart vor dem Fahrerstand gefahren werden.<\/li>\n<li>Einzelstart erfolgt nach Aufruf der Startnummer \u201eStart frei f\u00fcr 1\u201c etc.<\/li>\n<li>Die eigene Uhr z\u00e4hlt erst ab \u00dcberfahren der Zeitschleife<\/li>\n<\/ul>\n<\/li>\n<li><strong>Finall\u00e4ufe<\/strong>\n<ul>\n<li>Startaufstellung auf der unteren Geraden vor dem Zeitnahmeh\u00e4uschen<\/li>\n<li>Start erfolgt \u00fcber Countdown und das \u00fcbliche Hupen-Signal<\/li>\n<\/ul>\n<\/li>\n<li><strong>Technische Abnahme<\/strong>\n<ul>\n<li>Die Technische Abnahme der Fahrzeuge erfolgt <span style=\"text-decoration: underline;\">vor<\/span> dem jeweiligen Lauf<\/li>\n<li>Entsprechend vorher bei der technischen Abnahme das Fahrzeug bereitstellen<\/li>\n<li>Wir fahren im Vollautomatik Modus der Zeitnahme \u2013 kein Warten falls Teilnehmer nicht rechtzeitig am Start stehen. Plant also bitte etwas Puffer f\u00fcr die technische Abnahme ein<\/li>\n<li>Spannungsmessger\u00e4t und Waage liegen zum Vorabtesten bereit<\/li>\n<\/ul>\n<\/li>\n<li><strong>Fahrerstand<\/strong>\n<ul>\n<li>Vor dem Betreten des Fahrerstandes bitte warten bis alle Fahrer der vorherigen Gruppe den Fahrerstand verlassen haben<\/li>\n<\/ul>\n<\/li>\n<li><strong>Helfer machen<\/strong><br \/>\n<ul>\n<li>Die Helferpositionen sind entsprechend mit Nummern ausgeschildert<\/li>\n<li>Wird eine Helferposition auch nach Aufruf nicht eingenommen bzw. nicht f\u00fcr Ersatz gesorgt f\u00fchrt dies zur Streichung des gefahrenen Laufes!<\/li>\n<li>Nach dem Helfer machen bitte die Strecke \u00fcber den Ausgang unterhalb des Fahrerstandes verlassen.<\/li>\n<\/ul>\n<\/li>\n<\/ul>\n<p><strong><span style=\"font-size: medium; color: #1b8be0;\">\u00dcbernachtungsm\u00f6glichkeiten<\/span><\/strong><\/p>\n<p>Hotel Cafe Waldeck &#8211; Neulautern (ca. 4km entfernt)<\/p>\n<p>Hotel Restaurant Caf\u00e9 Sch\u00f6nblick &#8211; W\u00fcstenrot (ca. 6km entfernt)<\/p>\n<p>Raitelberg Resort &#8211; W\u00fcstenrot (ca. 6km entfernt)<\/p>\n<p><strong><span style=\"font-size: medium; color: #1b8be0;\">Anfahrt<\/span><\/strong><\/p>\n<p><strong>Google Maps Ort:<\/strong> <a href=\"https:\/\/goo.gl\/maps\/AjhGpr26818b7v6B9\" target=\"_blank\" rel=\"noopener\">https:\/\/goo.gl\/maps\/AjhGpr26818b7v6B9\u00a0<\/a><\/p>\n<p>Bei der An- und Abfahrt zur Rennstrecke ist in der Teichstra\u00dfe Schrittgeschwindigkeit zu fahren. In diesem Bereich spielen regelm\u00e4\u00dfig Kinder. Nichtbeachtung dieser Anweisung f\u00fchrt zum Ausschluss aus der Veranstaltung und zu einem Hausverbot auf unserem Vereinsgel\u00e4nde!<\/p>\n<p><strong>vom Autobahnkreuz Weinsberg\/von Heilbronn:<\/strong> Abfahrt Ellhofen auf<br \/>B39 Richtung L\u00f6wenstein, Nach L\u00f6wenstein rechts abbiegen auf L1066<br \/>Richtung Neulautern In Lohm\u00fchle links abbiegen auf K2098 Richtung<br \/>Stangenbach Am Ortseingang Stangenbach links in Greuthofstra\u00dfe<br \/>einbiegen Am Stra\u00dfenende nach rechts weiterfahren der Stra\u00dfe bis<br \/>zum\u00a0Waldrand folgen, dann ist linkerhand die Strecke.<\/p>\n<p><strong>von Schw\u00e4bisch Hall:\u00a0<\/strong>von Schw\u00e4bisch Hall auf B14 Richtung<br \/>Mainhardt\/Heilbronn Nach Mainhardt rechts abbiegen auf B39 Richtung<br \/>W\u00fcstenrot\/Heilbronn Bei Weihenbronn links abbiegen auf L1090 nach<br \/>W\u00fcstenrot Ortsende W\u00fcstenrot rechts abbiegen in<br \/>Sch\u00f6nblickstra\u00dfe\/K2098 nach Stangenbach Ortsausgang Stangenbach<br \/>rechts nach Greuthof abbiegen<\/p>\n<p><strong>Koordinaten f\u00fcr\u00b4s Navi:<\/strong><br \/>49.082995, 9.426624<\/p>\n<p><a href=\"http:\/\/www.rcmsc.de\/cms\/wp-content\/uploads\/2012\/03\/greut_anfahrt_1ql6r.png\"><img loading=\"lazy\" decoding=\"async\" class=\"wp-image-159 alignleft\" title=\"greut_anfahrt_1ql6r\" src=\"http:\/\/www.rcmsc.de\/cms\/wp-content\/uploads\/2012\/03\/greut_anfahrt_1ql6r.png\" alt=\"\" width=\"236\" height=\"236\" srcset=\"https:\/\/www.rcmsc.de\/cms\/wp-content\/uploads\/2012\/03\/greut_anfahrt_1ql6r.png 500w, https:\/\/www.rcmsc.de\/cms\/wp-content\/uploads\/2012\/03\/greut_anfahrt_1ql6r-150x150.png 150w, https:\/\/www.rcmsc.de\/cms\/wp-content\/uploads\/2012\/03\/greut_anfahrt_1ql6r-300x300.png 300w\" sizes=\"auto, (max-width: 236px) 100vw, 236px\" \/><\/a>\u00a0 \u00a0 \u00a0<a href=\"http:\/\/www.rcmsc.de\/cms\/wp-content\/uploads\/2012\/03\/greut_anfahrt_2lytl.png\"><img loading=\"lazy\" decoding=\"async\" class=\"wp-image-158 alignleft\" title=\"greut_anfahrt_2lytl\" src=\"http:\/\/www.rcmsc.de\/cms\/wp-content\/uploads\/2012\/03\/greut_anfahrt_2lytl.png\" alt=\"\" width=\"236\" height=\"236\" srcset=\"https:\/\/www.rcmsc.de\/cms\/wp-content\/uploads\/2012\/03\/greut_anfahrt_2lytl.png 500w, https:\/\/www.rcmsc.de\/cms\/wp-content\/uploads\/2012\/03\/greut_anfahrt_2lytl-150x150.png 150w, https:\/\/www.rcmsc.de\/cms\/wp-content\/uploads\/2012\/03\/greut_anfahrt_2lytl-300x300.png 300w\" sizes=\"auto, (max-width: 236px) 100vw, 236px\" \/><\/a><\/p>\n","protected":false},"excerpt":{"rendered":"<p>Am Wochenende des 18.-19. Juni 2022 findet auf der permanenten Rennstrecke des RC-MSC Greuthof in W\u00fcstenrot-Greuthof ein Lauf der Tonisport Onraod Series statt. Die Veranstaltung hat zudem ein DMC Pr\u00e4dikat und z\u00e4hlt f\u00fcr den Sportkreis S\u00fcd als Lauf zur Sportkreismeisterschaft.\u00a0 Aktuelles Nennschluss am Mittwoch &hellip; <a class=\"kt-excerpt-readmore\" href=\"https:\/\/www.rcmsc.de\/cms\/tos_2022\/\" aria-label=\"Infoseite Tonisport Onroad Series 18.-19.06.2022\">Weiterlesen<\/a><\/p>\n","protected":false},"author":2,"featured_media":0,"parent":0,"menu_order":0,"comment_status":"closed","ping_status":"closed","template":"","meta":{"kt_blocks_editor_width":"","footnotes":""},"class_list":["post-2229","page","type-page","status-publish","hentry"],"_links":{"self":[{"href":"https:\/\/www.rcmsc.de\/cms\/wp-json\/wp\/v2\/pages\/2229","targetHints":{"allow":["GET"]}}],"collection":[{"href":"https:\/\/www.rcmsc.de\/cms\/wp-json\/wp\/v2\/pages"}],"about":[{"href":"https:\/\/www.rcmsc.de\/cms\/wp-json\/wp\/v2\/types\/page"}],"author":[{"embeddable":true,"href":"https:\/\/www.rcmsc.de\/cms\/wp-json\/wp\/v2\/users\/2"}],"replies":[{"embeddable":true,"href":"https:\/\/www.rcmsc.de\/cms\/wp-json\/wp\/v2\/comments?post=2229"}],"version-history":[{"count":0,"href":"https:\/\/www.rcmsc.de\/cms\/wp-json\/wp\/v2\/pages\/2229\/revisions"}],"wp:attachment":[{"href":"https:\/\/www.rcmsc.de\/cms\/wp-json\/wp\/v2\/media?parent=2229"}],"curies":[{"name":"wp","href":"https:\/\/api.w.org\/{rel}","templated":true}]}}