{"id":24,"date":"2012-03-21T18:08:57","date_gmt":"2012-03-21T17:08:57","guid":{"rendered":"http:\/\/rcmsc.de\/cms\/?page_id=24"},"modified":"2022-06-07T23:09:12","modified_gmt":"2022-06-07T21:09:12","slug":"verein","status":"publish","type":"page","link":"https:\/\/www.rcmsc.de\/cms\/verein\/","title":{"rendered":"Der RC-MSC Greuthof stellt sich vor"},"content":{"rendered":"<figure id=\"attachment_35\" class=\"thumbnail wp-caption alignleft\" style=\"width: 305px\"><a href=\"http:\/\/www.rcmsc.de\/cms\/wp-content\/uploads\/2012\/03\/IMG_7202.jpg\"><img loading=\"lazy\" decoding=\"async\" class=\"wp-image-35\" src=\"http:\/\/www.rcmsc.de\/cms\/wp-content\/uploads\/2012\/03\/IMG_7202.jpg\" alt=\"IMG_7202\" width=\"305\" height=\"204\" srcset=\"https:\/\/www.rcmsc.de\/cms\/wp-content\/uploads\/2012\/03\/IMG_7202.jpg 500w, https:\/\/www.rcmsc.de\/cms\/wp-content\/uploads\/2012\/03\/IMG_7202-450x300.jpg 450w\" sizes=\"auto, (max-width: 305px) 100vw, 305px\" \/><\/a><figcaption class=\"caption wp-caption-text\">Der Greuthofring &#8211; unsere Rennstrecke<\/figcaption><\/figure>\n<p>Der RC-MSC Greuthof e.V. ist ein mit eigener Rennstrecke zum Betrieb von Elektro Onroad RC Fahrzeugen im Ma\u00dfstab 1\/8-1\/10. Das Vereinsgel\u00e4nde liegt 15km s\u00fcd\u00f6stlich von Heilbronn in W\u00fcstenrot-Greuthof direkt am Waldrand. Die einzigartige Lage inmitten der Natur ist ein besonderes Alleinstellungsmerkmal. Eingebettet in einen Wiesenhang bietet der Greuthofring ein besonders Fahrerlebnis, welches sich deutlich von Strecken ohne H\u00f6hendifferenzen unterscheidet. Eben diese H\u00f6hendifferenz und h\u00e4ngende Kurven machen die Strecke trotz ihres simplen Layouts anspruchsvoll und fordernd. Das Layout mag einfach aussehen, aber hier wirklich konstant schnell zu sein erfordert einiges an Training und eine gute Fahrzeugabstimmung.<\/p>\n<figure id=\"attachment_612\" class=\"thumbnail wp-caption alignright\" style=\"width: 305px\"><a href=\"http:\/\/www.rcmsc.de\/cms\/wp-content\/uploads\/2012\/04\/sm+hc_greuthof_2009-6.jpg\"><img loading=\"lazy\" decoding=\"async\" class=\"wp-image-612\" src=\"http:\/\/www.rcmsc.de\/cms\/wp-content\/uploads\/2012\/04\/sm+hc_greuthof_2009-6.jpg\" alt=\"sm+hc_greuthof_2009-6\" width=\"305\" height=\"204\" srcset=\"https:\/\/www.rcmsc.de\/cms\/wp-content\/uploads\/2012\/04\/sm+hc_greuthof_2009-6.jpg 500w, https:\/\/www.rcmsc.de\/cms\/wp-content\/uploads\/2012\/04\/sm+hc_greuthof_2009-6-450x300.jpg 450w\" sizes=\"auto, (max-width: 305px) 100vw, 305px\" \/><\/a><figcaption class=\"caption wp-caption-text\">Besucher bei einem Verbrenner Rennen in Greuthof<\/figcaption><\/figure>\n<p>Der RC-MSC ging aus einer Gruppe von Freunden rund um Erwin Uhlmann hervor, die ihre Flugmodelle im Armenfeld \u2013 eine gerodete Waldfl\u00e4che in der N\u00e4he von Greuthof \u2013 in den Himmel stiegen lie\u00dfen. Nach einigen missgl\u00fcckten Flugversuchen war die Motivation verschwunden und sie stellten fest, dass diese Art von Modellsport nichts f\u00fcr sie war.<\/p>\n<p>So schafften sie sich die ersten Modellautos an und lie\u00dfen diese durch die Stra\u00dfen von Greuthof schie\u00dfen. Als sich die M\u00f6glichkeit ergab, am Ortsrand eine permanente Strecke auf eine Wiese zu bauen, gr\u00fcndeten Kurt Dietrich, Rudolf Dietrich, Erwin und Petra Uhlmann, Reiner Sch\u00e4fer, J\u00fcrgen Wulle, Joachim Wulle und Thomas Wulle den RC-MSC Greuthof. Zum ersten Vorsitzenden wurde damals Joachim Wulle ernannt.<\/p>\n<figure id=\"attachment_416\" class=\"thumbnail wp-caption alignleft\" style=\"width: 306px\"><a href=\"http:\/\/www.rcmsc.de\/cms\/wp-content\/uploads\/2012\/04\/greuthof_25_Jahre_04.07.09-170.jpg\"><img loading=\"lazy\" decoding=\"async\" class=\"wp-image-416\" src=\"http:\/\/www.rcmsc.de\/cms\/wp-content\/uploads\/2012\/04\/greuthof_25_Jahre_04.07.09-170.jpg\" alt=\"greuthof_25_Jahre_04.07.09-170\" width=\"306\" height=\"229\" srcset=\"https:\/\/www.rcmsc.de\/cms\/wp-content\/uploads\/2012\/04\/greuthof_25_Jahre_04.07.09-170.jpg 500w, https:\/\/www.rcmsc.de\/cms\/wp-content\/uploads\/2012\/04\/greuthof_25_Jahre_04.07.09-170-300x225.jpg 300w, https:\/\/www.rcmsc.de\/cms\/wp-content\/uploads\/2012\/04\/greuthof_25_Jahre_04.07.09-170-400x300.jpg 400w, https:\/\/www.rcmsc.de\/cms\/wp-content\/uploads\/2012\/04\/greuthof_25_Jahre_04.07.09-170-366x275.jpg 366w\" sizes=\"auto, (max-width: 306px) 100vw, 306px\" \/><\/a><figcaption class=\"caption wp-caption-text\">Ehrung der Gr\u00fcndungsmitglieder anl\u00e4sslich der 25 Jahre RC-MSC Greuthof Feier<\/figcaption><\/figure>\n<p>So fuhren sie fortan mit ihren Modellen nicht mehr auf der Stra\u00dfe, sondern auf der kleine Strecke am Rande Greuthof\u00b4s. In den ersten Jahren wurden haupts\u00e4chlich Vereinsmeisterschaften gefahren, doch das \u00e4nderte sich 1987 mit dem Beitritt zum Deutschen Minicar Club (DMC), dem deutschen Dachverband der Modellauto-Fahrer. Von diesem Zeitpunkt an beschr\u00e4nkte man sich nicht mehr nur auf vereinsinterne Rennen, es wurde auch ausw\u00e4rts auf anderen Strecken gefahren und jedes Jahr fand seitdem in Greuthof ein Lauf zur S\u00fcddeutschen Meisterschaft der Verbrennerklassen statt.<br \/>\nNachdem 2016 der Betrieb von Rennfahrzeugen mit Verbrennungsmotor untersagt wurde, konzentrieren sich die Bestrebungen Rennveranstaltungen auszurichten seitdem auf elektroangetriebene Fahrzeuge im Ma\u00dfstab 1:10. Auch diese Klassen bieten spannende Rennen und packende Zweik\u00e4mpfe.<\/p>\n<p>F\u00fcr die Nachwuchsarbeit nimmt unser Verein am j\u00e4hrlich stattfindenden W\u00dcRFEL Programm der Gemeinde W\u00fcstenrot teil. W\u00e4hrend der Sommerferien bieten verschiedenste Vereine, Organisationen und Privatpersonen einen Tag die M\u00f6glichkeit, dass sich Kinder und Jugendliche aktiv am jeweiligen Vereinsgeschehen beteiligen. Mit den eigenen oder vom RC-MSC gestellten Fahrzeugen wird dann Rennen gefahren und bei Fragen und Problemen unterst\u00fctzt. So wurde schon das ein oder andere neue Mitglied gewonnen. Im Verein machen Hobbys ja immer am meisten Spa\u00df!<\/p>\n<p>Seit einigen Jahren ist nun Fredy Dietrich der erste Vorstand des Vereins und wird aktuell von Bernd Nottebom als zweiter Vorstand unterst\u00fctzt.<\/p>\n<p>Den Corona-Sommer 2020 haben wir genutzt und ein schon lange geplantes Vorhaben in die Tat umgesetzt &#8211; der Greuthofring hat eine neue Asphaltdecke bekommen! Weniger Wellen, bessere Kerbs und eine feinere K\u00f6rnung bringen unsere Strecke auf den aktuellen Stand<\/p>\n<p><a href=\"https:\/\/www.rcmsc.de\/cms\/wp-content\/uploads\/2021\/02\/DJI_1582.jpg\"><img loading=\"lazy\" decoding=\"async\" class=\"size-full wp-image-1846\" src=\"https:\/\/www.rcmsc.de\/cms\/wp-content\/uploads\/2021\/02\/DJI_1582.jpg\" alt=\"\" width=\"1100\" height=\"825\" srcset=\"https:\/\/www.rcmsc.de\/cms\/wp-content\/uploads\/2021\/02\/DJI_1582.jpg 1100w, https:\/\/www.rcmsc.de\/cms\/wp-content\/uploads\/2021\/02\/DJI_1582-300x225.jpg 300w, https:\/\/www.rcmsc.de\/cms\/wp-content\/uploads\/2021\/02\/DJI_1582-1024x768.jpg 1024w, https:\/\/www.rcmsc.de\/cms\/wp-content\/uploads\/2021\/02\/DJI_1582-768x576.jpg 768w, https:\/\/www.rcmsc.de\/cms\/wp-content\/uploads\/2021\/02\/DJI_1582-400x300.jpg 400w\" sizes=\"auto, (max-width: 1100px) 100vw, 1100px\" \/><\/a><\/p>\n","protected":false},"excerpt":{"rendered":"<p>Der RC-MSC Greuthof e.V. ist ein mit eigener Rennstrecke zum Betrieb von Elektro Onroad RC Fahrzeugen im Ma\u00dfstab 1\/8-1\/10. Das Vereinsgel\u00e4nde liegt 15km s\u00fcd\u00f6stlich von Heilbronn in W\u00fcstenrot-Greuthof direkt am Waldrand. Die einzigartige Lage inmitten der Natur ist ein besonderes Alleinstellungsmerkmal. Eingebettet in einen &hellip; <a class=\"kt-excerpt-readmore\" href=\"https:\/\/www.rcmsc.de\/cms\/verein\/\" aria-label=\"Der RC-MSC Greuthof stellt sich vor\">Weiterlesen<\/a><\/p>\n","protected":false},"author":2,"featured_media":0,"parent":0,"menu_order":0,"comment_status":"closed","ping_status":"open","template":"","meta":{"kt_blocks_editor_width":"","footnotes":""},"class_list":["post-24","page","type-page","status-publish","hentry"],"_links":{"self":[{"href":"https:\/\/www.rcmsc.de\/cms\/wp-json\/wp\/v2\/pages\/24","targetHints":{"allow":["GET"]}}],"collection":[{"href":"https:\/\/www.rcmsc.de\/cms\/wp-json\/wp\/v2\/pages"}],"about":[{"href":"https:\/\/www.rcmsc.de\/cms\/wp-json\/wp\/v2\/types\/page"}],"author":[{"embeddable":true,"href":"https:\/\/www.rcmsc.de\/cms\/wp-json\/wp\/v2\/users\/2"}],"replies":[{"embeddable":true,"href":"https:\/\/www.rcmsc.de\/cms\/wp-json\/wp\/v2\/comments?post=24"}],"version-history":[{"count":0,"href":"https:\/\/www.rcmsc.de\/cms\/wp-json\/wp\/v2\/pages\/24\/revisions"}],"wp:attachment":[{"href":"https:\/\/www.rcmsc.de\/cms\/wp-json\/wp\/v2\/media?parent=24"}],"curies":[{"name":"wp","href":"https:\/\/api.w.org\/{rel}","templated":true}]}}