{"id":26,"date":"2012-03-21T18:09:29","date_gmt":"2012-03-21T17:09:29","guid":{"rendered":"http:\/\/rcmsc.de\/cms\/?page_id=26"},"modified":"2023-02-22T09:52:52","modified_gmt":"2023-02-22T08:52:52","slug":"rennstrecke","status":"publish","type":"page","link":"https:\/\/www.rcmsc.de\/cms\/verein\/rennstrecke\/","title":{"rendered":"Der Greuthofring &#8211; unsere Rennstrecke"},"content":{"rendered":"\n<figure class=\"wp-block-embed is-type-video is-provider-youtube wp-block-embed-youtube wp-embed-aspect-16-9 wp-has-aspect-ratio\"><div class=\"wp-block-embed__wrapper\">\n<iframe loading=\"lazy\" title=\"RC-MSC Greuthof - Intro 23\" width=\"500\" height=\"281\" src=\"https:\/\/www.youtube.com\/embed\/Sa5hbH76k2c?feature=oembed\" frameborder=\"0\" allow=\"accelerometer; autoplay; clipboard-write; encrypted-media; gyroscope; picture-in-picture; web-share\" referrerpolicy=\"strict-origin-when-cross-origin\" allowfullscreen><\/iframe>\n<\/div><\/figure>\n\n\n<p><a href=\"http:\/\/rcmsc.de\/cms\/wp-content\/uploads\/2012\/03\/IMG_2053_4_5_tonemapped.jpg\"><img loading=\"lazy\" decoding=\"async\" class=\"alignleft size-full wp-image-586\" title=\"IMG_2053_4_5_tonemapped\" src=\"http:\/\/rcmsc.de\/cms\/wp-content\/uploads\/2012\/03\/IMG_2053_4_5_tonemapped.jpg\" alt=\"\" width=\"799\" height=\"404\" srcset=\"https:\/\/www.rcmsc.de\/cms\/wp-content\/uploads\/2012\/03\/IMG_2053_4_5_tonemapped.jpg 799w, https:\/\/www.rcmsc.de\/cms\/wp-content\/uploads\/2012\/03\/IMG_2053_4_5_tonemapped-300x151.jpg 300w, https:\/\/www.rcmsc.de\/cms\/wp-content\/uploads\/2012\/03\/IMG_2053_4_5_tonemapped-500x252.jpg 500w\" sizes=\"auto, (max-width: 799px) 100vw, 799px\" \/><\/a><br \/><a href=\"http:\/\/rcmsc.de\/cms\/wp-content\/uploads\/2012\/03\/IMG_7202.jpg\"><img loading=\"lazy\" decoding=\"async\" class=\"alignleft  wp-image-35\" title=\"IMG_7202\" src=\"http:\/\/rcmsc.de\/cms\/wp-content\/uploads\/2012\/03\/IMG_7202.jpg\" alt=\"\" width=\"252\" height=\"168\" srcset=\"https:\/\/www.rcmsc.de\/cms\/wp-content\/uploads\/2012\/03\/IMG_7202.jpg 500w, https:\/\/www.rcmsc.de\/cms\/wp-content\/uploads\/2012\/03\/IMG_7202-300x199.jpg 300w, https:\/\/www.rcmsc.de\/cms\/wp-content\/uploads\/2012\/03\/IMG_7202-450x300.jpg 450w\" sizes=\"auto, (max-width: 252px) 100vw, 252px\" \/><\/a>Unsere Strecke ist mit keiner anderen Modellrennstrecke zu vergleichen. In einem Rennbericht wurde Greuthof einmal als das \u201cMonte Carlo\u201d der Modellszene bezeichnet. Aufgrund der Streckenf\u00fchrung an einem Hang gilt die Strecke vor allem bei VG8 Fahrern als sehr anspruchsvoll.<br \/>Die Zielgerade besteht aus einem weiten Linksbogen \u2013 bergauf. Es folgt eine Spitzkehre, die exakt angebremst werden muss, sonst steht das Fahrzeug praktisch direkt im Fahrerlager. Weiter geht es steil bergab zu der n\u00e4chsten Spitzkehre. Das folgende Bergauf \u2013 Geschl\u00e4ngel f\u00fchrt zu zwei schwierigen Linksknicks, die wiederum steil bergab in eine Kompression und dann auf die \u201cZielgerade\u201d f\u00fchren.<\/p>\n<p>Gerade mal 9,3 Sekunden ben\u00f6tigten die Schnellsten, die Klasse 1\/8 Verbrenner, um eine Runde in Greuthof zu fahren. Bei den Elektrofahrzeugen liegt die schnellste Rundenzeit aktuell bei 9,9 Sekunden, gefahren in der Klasse Pro10.<\/p>\n<h4><strong>Zeitmessung<\/strong><\/h4>\n<p>Um unter Wettbewerbsbedingungen zu trainieren steht eine AMB Zeitmesseinrichtung zur Verf\u00fcgung. Mittels verbautem Personal Transponder im eigenen Fahrzeug k\u00f6nnen die Rundenzeiten \u00fcber die <span style=\"text-decoration: underline;\"><a href=\"https:\/\/speedhive.mylaps.com\/app\" target=\"_blank\" rel=\"noopener\">&gt;&gt;Speedhive App<\/a><\/span> oder die <span style=\"text-decoration: underline;\"><a href=\"https:\/\/speedhive.mylaps.com\/Practice\/3548\" target=\"_blank\" rel=\"noopener\">&gt;&gt;mylaps Webseite<\/a><\/span> eingesehen werden. Somit sind Ver\u00e4nderungen am Fahrzeug nicht nur nach Gef\u00fchl sondern anhand von Rundenzeiten bewertbar.<\/p>\n<h4><strong>Fahrerlager<\/strong><\/h4>\n<p>Unser \u00fcberdachtes Fahrerlager bietet Platz f\u00fcr rund 10 Personen und die Schotterfl\u00e4che hinter Fahrerstand und Fahrerlager erlaubt das Aufstellen einiger Pavillons bei gr\u00f6\u00dferen Rennveranstaltungen. Diese finden regelm\u00e4\u00dfig bei uns statt und erm\u00f6glichen, sich mit anderen Fahrern unterschiedlichster Vereine und Klassen zu messen. Pressluft zur Reinigung der Fahrzeuge steht ebenso zur Verf\u00fcgung wie gen\u00fcgend 230V Anschl\u00fcsse f\u00fcr Ladeger\u00e4te etc.<\/p>\n<h4><strong>Streckenerneuerung<\/strong><\/h4>\n<p>Im Jahr 2020 wurde die Streckenschlie\u00dfung w\u00e4hrend der Corona Pandemie genutzt und ein neuer Asphaltbelag auf die Strecke aufgebracht. Diese wurde dadurch deutlich wellenfreier. Zudem wurden alle Kerbs neu gestaltet und haben nun ein einheitliches Profil. Einen ausf\u00fchrlichen Bericht zur Streckenerneuerung gibt&#8217;s <span style=\"text-decoration: underline;\"><a href=\"https:\/\/www.rcmsc.de\/cms\/streckenerneuerung-rcmsc-2020\/\">&gt;&gt;hier<\/a><\/span><\/p>\n<blockquote>\n<h6 style=\"text-align: center;\">&#8222;Der Hammer ist aber die Streckencharakteristik &#8211; macht einfach nur einen riesen Spa\u00df hier zu fahren.&#8220;<\/h6>\n<h6 style=\"text-align: center;\">&#8222;Eine sch\u00f6ne und anspruchsvolle Strecke habt ihr.&#8220;<\/h6>\n<h6 style=\"text-align: center;\">&#8222;Strecke hatte was und lauter nette und tolle Fahrer da.&#8220;<\/h6>\n<\/blockquote>\n<h3 style=\"text-align: center;\">Impressionen<\/h3>\n<p><a href=\"https:\/\/www.rcmsc.de\/cms\/wp-content\/uploads\/2021\/08\/2021-08-08_DJI_2217.jpg\"><img loading=\"lazy\" decoding=\"async\" class=\"size-full wp-image-2182\" src=\"https:\/\/www.rcmsc.de\/cms\/wp-content\/uploads\/2021\/08\/2021-08-08_DJI_2217.jpg\" alt=\"\" width=\"1920\" height=\"1440\" srcset=\"https:\/\/www.rcmsc.de\/cms\/wp-content\/uploads\/2021\/08\/2021-08-08_DJI_2217.jpg 1920w, https:\/\/www.rcmsc.de\/cms\/wp-content\/uploads\/2021\/08\/2021-08-08_DJI_2217-300x225.jpg 300w, https:\/\/www.rcmsc.de\/cms\/wp-content\/uploads\/2021\/08\/2021-08-08_DJI_2217-1024x768.jpg 1024w, https:\/\/www.rcmsc.de\/cms\/wp-content\/uploads\/2021\/08\/2021-08-08_DJI_2217-768x576.jpg 768w, https:\/\/www.rcmsc.de\/cms\/wp-content\/uploads\/2021\/08\/2021-08-08_DJI_2217-1536x1152.jpg 1536w, https:\/\/www.rcmsc.de\/cms\/wp-content\/uploads\/2021\/08\/2021-08-08_DJI_2217-520x390.jpg 520w, https:\/\/www.rcmsc.de\/cms\/wp-content\/uploads\/2021\/08\/2021-08-08_DJI_2217-260x195.jpg 260w\" sizes=\"auto, (max-width: 1920px) 100vw, 1920px\" \/><\/a><\/p>\n<h4 style=\"text-align: center;\"><a href=\"http:\/\/www.rcmsc.de\/cms\/wp-content\/uploads\/2012\/03\/IMG_2077_8_9_tonemapped_klein.jpg\"><img loading=\"lazy\" decoding=\"async\" class=\"size-full wp-image-600 aligncenter\" title=\"IMG_2077_8_9_tonemapped_klein\" src=\"http:\/\/www.rcmsc.de\/cms\/wp-content\/uploads\/2012\/03\/IMG_2077_8_9_tonemapped_klein.jpg\" alt=\"\" width=\"799\" height=\"534\" srcset=\"https:\/\/www.rcmsc.de\/cms\/wp-content\/uploads\/2012\/03\/IMG_2077_8_9_tonemapped_klein.jpg 799w, https:\/\/www.rcmsc.de\/cms\/wp-content\/uploads\/2012\/03\/IMG_2077_8_9_tonemapped_klein-300x200.jpg 300w, https:\/\/www.rcmsc.de\/cms\/wp-content\/uploads\/2012\/03\/IMG_2077_8_9_tonemapped_klein-448x300.jpg 448w\" sizes=\"auto, (max-width: 799px) 100vw, 799px\" \/><\/a><strong>Blick vom Fahrerstand<\/strong><br \/><a href=\"http:\/\/rcmsc.de\/cms\/wp-content\/uploads\/2012\/03\/IMG_7193.jpg\"><img loading=\"lazy\" decoding=\"async\" class=\"size-full wp-image-42 aligncenter\" title=\"IMG_7193\" src=\"http:\/\/rcmsc.de\/cms\/wp-content\/uploads\/2012\/03\/IMG_7193.jpg\" alt=\"\" width=\"500\" height=\"303\" srcset=\"https:\/\/www.rcmsc.de\/cms\/wp-content\/uploads\/2012\/03\/IMG_7193.jpg 500w, https:\/\/www.rcmsc.de\/cms\/wp-content\/uploads\/2012\/03\/IMG_7193-300x181.jpg 300w, https:\/\/www.rcmsc.de\/cms\/wp-content\/uploads\/2012\/03\/IMG_7193-495x300.jpg 495w\" sizes=\"auto, (max-width: 500px) 100vw, 500px\" \/><\/a><a href=\"http:\/\/rcmsc.de\/cms\/wp-content\/uploads\/2012\/03\/IMG_7192.jpg\"><img loading=\"lazy\" decoding=\"async\" class=\"size-full wp-image-43 aligncenter\" title=\"IMG_7192\" src=\"http:\/\/rcmsc.de\/cms\/wp-content\/uploads\/2012\/03\/IMG_7192.jpg\" alt=\"\" width=\"500\" height=\"333\" srcset=\"https:\/\/www.rcmsc.de\/cms\/wp-content\/uploads\/2012\/03\/IMG_7192.jpg 500w, https:\/\/www.rcmsc.de\/cms\/wp-content\/uploads\/2012\/03\/IMG_7192-300x199.jpg 300w, https:\/\/www.rcmsc.de\/cms\/wp-content\/uploads\/2012\/03\/IMG_7192-450x300.jpg 450w\" sizes=\"auto, (max-width: 500px) 100vw, 500px\" \/><\/a><a href=\"http:\/\/rcmsc.de\/cms\/wp-content\/uploads\/2012\/03\/IMG_7191.jpg\"><img loading=\"lazy\" decoding=\"async\" class=\"size-full wp-image-44 aligncenter\" title=\"IMG_7191\" src=\"http:\/\/rcmsc.de\/cms\/wp-content\/uploads\/2012\/03\/IMG_7191.jpg\" alt=\"\" width=\"500\" height=\"333\" srcset=\"https:\/\/www.rcmsc.de\/cms\/wp-content\/uploads\/2012\/03\/IMG_7191.jpg 500w, https:\/\/www.rcmsc.de\/cms\/wp-content\/uploads\/2012\/03\/IMG_7191-300x199.jpg 300w, https:\/\/www.rcmsc.de\/cms\/wp-content\/uploads\/2012\/03\/IMG_7191-450x300.jpg 450w\" sizes=\"auto, (max-width: 500px) 100vw, 500px\" \/><\/a><\/h4>","protected":false},"excerpt":{"rendered":"<p>Unsere Strecke ist mit keiner anderen Modellrennstrecke zu vergleichen. In einem Rennbericht wurde Greuthof einmal als das \u201cMonte Carlo\u201d der Modellszene bezeichnet. Aufgrund der Streckenf\u00fchrung an einem Hang gilt die Strecke vor allem bei VG8 Fahrern als sehr anspruchsvoll.Die Zielgerade besteht aus einem weiten &hellip; <a class=\"kt-excerpt-readmore\" href=\"https:\/\/www.rcmsc.de\/cms\/verein\/rennstrecke\/\" aria-label=\"Der Greuthofring &#8211; unsere Rennstrecke\">Weiterlesen<\/a><\/p>\n","protected":false},"author":2,"featured_media":0,"parent":24,"menu_order":0,"comment_status":"closed","ping_status":"closed","template":"","meta":{"kt_blocks_editor_width":"","footnotes":""},"class_list":["post-26","page","type-page","status-publish","hentry"],"_links":{"self":[{"href":"https:\/\/www.rcmsc.de\/cms\/wp-json\/wp\/v2\/pages\/26","targetHints":{"allow":["GET"]}}],"collection":[{"href":"https:\/\/www.rcmsc.de\/cms\/wp-json\/wp\/v2\/pages"}],"about":[{"href":"https:\/\/www.rcmsc.de\/cms\/wp-json\/wp\/v2\/types\/page"}],"author":[{"embeddable":true,"href":"https:\/\/www.rcmsc.de\/cms\/wp-json\/wp\/v2\/users\/2"}],"replies":[{"embeddable":true,"href":"https:\/\/www.rcmsc.de\/cms\/wp-json\/wp\/v2\/comments?post=26"}],"version-history":[{"count":0,"href":"https:\/\/www.rcmsc.de\/cms\/wp-json\/wp\/v2\/pages\/26\/revisions"}],"up":[{"embeddable":true,"href":"https:\/\/www.rcmsc.de\/cms\/wp-json\/wp\/v2\/pages\/24"}],"wp:attachment":[{"href":"https:\/\/www.rcmsc.de\/cms\/wp-json\/wp\/v2\/media?parent=26"}],"curies":[{"name":"wp","href":"https:\/\/api.w.org\/{rel}","templated":true}]}}