{"id":46,"date":"2012-03-21T18:20:45","date_gmt":"2012-03-21T17:20:45","guid":{"rendered":"http:\/\/rcmsc.de\/cms\/?page_id=46"},"modified":"2024-05-13T17:03:09","modified_gmt":"2024-05-13T15:03:09","slug":"gastfahreranfahrt","status":"publish","type":"page","link":"https:\/\/www.rcmsc.de\/cms\/verein\/gastfahreranfahrt\/","title":{"rendered":"Gastfahrer\/Anfahrt"},"content":{"rendered":"<p>Gastfahrer sind in Greuthof immer willkommen &#8211; t\u00e4glich kann zwischen 09:00 Uhr &#8211; 18:00 Uhr gefahren werden. Eine Anmeldung ist nicht notwendig. Die Gastfahrergeb\u00fchr von 10\u20ac ist per Paypal (Link unten bzw. QR-Code am Tor) zu begleichen &#8211; auch dann, wenn Vereinsmitglieder vor Ort sind.\u00a0<\/p>\n<p>Details zur Rennstrecke, deren Ausstattung und einen ersten Eindruck bekommt ihr unter <a href=\"https:\/\/www.rcmsc.de\/cms\/verein\/rennstrecke\/\">&gt;&gt;Der Greuthofring<\/a><\/p>\n<p>Fahrzeuge mit Elektroantrieb d\u00fcrfen an allen Wochentagen in der Zeit von 09:00 \u2013 18:00 betrieben werden. Au\u00dferhalb dieser Zeiten ist ein Befahren der Strecke mit Fahrzeugen untersagt! Bitte beachtet, dass seit dem 01.01.2016 der Betrieb von Fahrzeugen mit Verbrennungsmotor auf unserer Strecke leider nicht mehr m\u00f6glich ist!<\/p>\n<div>\n<p><span style=\"color: #ff0000;\">Bei der An- und Abfahrt zur Rennstrecke ist in der Teichstra\u00dfe Schrittgeschwindigkeit zu fahren. In diesem Bereich spielen regelm\u00e4\u00dfig Kinder. Nichtbeachtung dieser Anweisung f\u00fchrt zu einem Hausverbot auf unserem Vereinsgel\u00e4nde!<\/span><\/p>\n<p>An Samstagen, an denen Arbeitsdienst ist, bleibt die Strecke gesperrt f\u00fcr Vereinsmitglieder gesperrt. Es darf erst nach dem Arbeitsdienst trainiert werden. Sollte ein Arbeitsdienst auch die Strecke selbst betreffen und eine komplette Sperrung notwendig machen, geben wir dies entsprechend rechtzeitig vorher bekannt!<\/p>\n<p><span style=\"color: #1b8be0; font-size: medium;\">Gastfahrergeb\u00fchr: 10\u20ac &#8211; bitte per Paypal <a href=\"https:\/\/paypal.me\/rcmscgreuthof?country.x=DE&amp;locale.x=de_DE\" target=\"_blank\" rel=\"noopener\">&gt;&gt;hier<\/a> begleichen\u00a0<\/span><\/p>\n<table border=\"0\" width=\"507\">\n<tbody>\n<tr>\n<td>\u00a0<strong>vom Autobahnkreuz Weinsberg\/von Heilbronn:<\/strong>\n<ul>\n<li>Abfahrt Ellhofen auf B39 Richtung L\u00f6wenstein<\/li>\n<li>Nach L\u00f6wenstein rechts abbiegen auf L1066 Richtung Neulautern<\/li>\n<li>In Lohm\u00fchle links abbiegen auf K2098 Richtung Stangenbach<\/li>\n<li>Am Ortseingang Stangenbach links in Greuthofstra\u00dfe einbiegen<\/li>\n<li>Am Stra\u00dfenende nach rechts weiterfahren<\/li>\n<li>der Stra\u00dfe bis zum Waldrand folgen, dann ist linkerhand die Strecke<\/li>\n<\/ul>\n<div>\n<p><strong>von Schw\u00e4bisch Hall:<\/strong><\/p>\n<ul>\n<li>von Schw\u00e4bisch Hall auf B14 Richtung Mainhardt\/Heilbronn<\/li>\n<li>Nach Mainhardt rechts abbiegen auf B39 Richtung W\u00fcstenrot\/Heilbronn<\/li>\n<li>Bei Weihenbronn links abbiegen auf L1090 nach W\u00fcstenrot<\/li>\n<li>Ortsende W\u00fcstenrot rechts abbiegen in Sch\u00f6nblickstra\u00dfe\/K2098 nach Stangenbach<\/li>\n<li>Ortsausgang Stangenbach rechts nach Greuthof abbiegen<\/li>\n<li>rechts abbiegen in Teichstra\u00dfe<\/li>\n<li>Teichstra\u00dfe bis Waldrand folgen, dann ist links die Strecke<\/li>\n<\/ul>\n<div><strong>Koordinaten f\u00fcr\u00b4s Navi:<\/strong><\/div>\n<div>\u00a0<\/div>\n<div>49.082995,9.426624<\/div>\n<div>\u00a0<\/div>\n<\/div>\n<div><a href=\"https:\/\/goo.gl\/maps\/MjHC76jHHSK5QuqM6\">https:\/\/goo.gl\/maps\/MjHC76jHHSK5QuqM6<\/a><\/div>\n<div>\n<div>\u00a0<\/div>\n<\/div>\n<div>\u00a0<\/div>\n<div><a href=\"http:\/\/rcmsc.de\/cms\/wp-content\/uploads\/2012\/03\/greut_anfahrt_1ql6r.png\"><img loading=\"lazy\" decoding=\"async\" class=\"wp-image-159 alignleft\" title=\"greut_anfahrt_1ql6r\" src=\"http:\/\/rcmsc.de\/cms\/wp-content\/uploads\/2012\/03\/greut_anfahrt_1ql6r.png\" alt=\"\" width=\"264\" height=\"264\" srcset=\"https:\/\/www.rcmsc.de\/cms\/wp-content\/uploads\/2012\/03\/greut_anfahrt_1ql6r.png 500w, https:\/\/www.rcmsc.de\/cms\/wp-content\/uploads\/2012\/03\/greut_anfahrt_1ql6r-150x150.png 150w, https:\/\/www.rcmsc.de\/cms\/wp-content\/uploads\/2012\/03\/greut_anfahrt_1ql6r-300x300.png 300w\" sizes=\"auto, (max-width: 264px) 100vw, 264px\" \/><\/a><a href=\"http:\/\/rcmsc.de\/cms\/wp-content\/uploads\/2012\/03\/greut_anfahrt_2lytl.png\"><img loading=\"lazy\" decoding=\"async\" class=\"wp-image-158 alignright\" title=\"greut_anfahrt_2lytl\" src=\"http:\/\/rcmsc.de\/cms\/wp-content\/uploads\/2012\/03\/greut_anfahrt_2lytl.png\" alt=\"\" width=\"264\" height=\"264\" srcset=\"https:\/\/www.rcmsc.de\/cms\/wp-content\/uploads\/2012\/03\/greut_anfahrt_2lytl.png 500w, https:\/\/www.rcmsc.de\/cms\/wp-content\/uploads\/2012\/03\/greut_anfahrt_2lytl-150x150.png 150w, https:\/\/www.rcmsc.de\/cms\/wp-content\/uploads\/2012\/03\/greut_anfahrt_2lytl-300x300.png 300w\" sizes=\"auto, (max-width: 264px) 100vw, 264px\" \/><\/a><\/div>\n<\/td>\n<\/tr>\n<\/tbody>\n<\/table>\n<\/div>\n\n<style>.kb-google-maps-container46_a0e1ed-7a{height:450px;}<\/style><div class=\"kb-google-maps-container kb-google-maps-container46_a0e1ed-7a  wp-block-kadence-googlemaps\" data-mapid=\"46_a0e1ed7a\"><iframe width=\"100%\" height=\"100%\"\n\t\t\t\t\t\t\tstyle=\"border:0\" loading=\"lazy\"\n\t\t\t\t\t\t\tsrc=\"https:\/\/www.google.com\/maps\/embed\/v1\/place?key=AIzaSyBAM2o7PiQqwk15LC1XRH2e_KJ-jUa7KYk&#038;zoom=12&#038;maptype=roadmap&#038;q=RC-MSc+Greuthof+Rennstrecke\"\n\t\t\t\t\t\t\ttitle=\"Google-Karte f\u00fcr RC-MSc Greuthof Rennstrecke\"><\/iframe><\/div><script>function kb_google_map46_a0e1ed7a() { let center = { lat: 37.8201, lng: -122.4781}; let map = new google.maps.Map(document.getElementById(\"kb-google-map46_a0e1ed7a\"), {\n\t\t\t\t\t    zoom: 12,\n\t\t\t\t\t    center: center,});let marker = new google.maps.Marker({   position: { lat: 37.8201, lng: -122.4781},    map: map,  });}<\/script>","protected":false},"excerpt":{"rendered":"<p>Gastfahrer sind in Greuthof immer willkommen &#8211; t\u00e4glich kann zwischen 09:00 Uhr &#8211; 18:00 Uhr gefahren werden. Eine Anmeldung ist nicht notwendig. Die Gastfahrergeb\u00fchr von 10\u20ac ist per Paypal (Link unten bzw. QR-Code am Tor) zu begleichen &#8211; auch dann, wenn Vereinsmitglieder vor Ort &hellip; <a class=\"kt-excerpt-readmore\" href=\"https:\/\/www.rcmsc.de\/cms\/verein\/gastfahreranfahrt\/\" aria-label=\"Gastfahrer\/Anfahrt\">Weiterlesen<\/a><\/p>\n","protected":false},"author":2,"featured_media":0,"parent":24,"menu_order":0,"comment_status":"closed","ping_status":"closed","template":"","meta":{"kt_blocks_editor_width":"","footnotes":""},"class_list":["post-46","page","type-page","status-publish","hentry"],"_links":{"self":[{"href":"https:\/\/www.rcmsc.de\/cms\/wp-json\/wp\/v2\/pages\/46","targetHints":{"allow":["GET"]}}],"collection":[{"href":"https:\/\/www.rcmsc.de\/cms\/wp-json\/wp\/v2\/pages"}],"about":[{"href":"https:\/\/www.rcmsc.de\/cms\/wp-json\/wp\/v2\/types\/page"}],"author":[{"embeddable":true,"href":"https:\/\/www.rcmsc.de\/cms\/wp-json\/wp\/v2\/users\/2"}],"replies":[{"embeddable":true,"href":"https:\/\/www.rcmsc.de\/cms\/wp-json\/wp\/v2\/comments?post=46"}],"version-history":[{"count":2,"href":"https:\/\/www.rcmsc.de\/cms\/wp-json\/wp\/v2\/pages\/46\/revisions"}],"predecessor-version":[{"id":3531,"href":"https:\/\/www.rcmsc.de\/cms\/wp-json\/wp\/v2\/pages\/46\/revisions\/3531"}],"up":[{"embeddable":true,"href":"https:\/\/www.rcmsc.de\/cms\/wp-json\/wp\/v2\/pages\/24"}],"wp:attachment":[{"href":"https:\/\/www.rcmsc.de\/cms\/wp-json\/wp\/v2\/media?parent=46"}],"curies":[{"name":"wp","href":"https:\/\/api.w.org\/{rel}","templated":true}]}}