{"id":770,"date":"2012-05-14T23:58:26","date_gmt":"2012-05-14T21:58:26","guid":{"rendered":"http:\/\/www.rcmsc.de\/cms\/?page_id=770"},"modified":"2014-02-19T19:40:45","modified_gmt":"2014-02-19T18:40:45","slug":"die-klassen","status":"publish","type":"page","link":"https:\/\/www.rcmsc.de\/cms\/clubmeisterschaft\/die-klassen\/","title":{"rendered":"Klassen"},"content":{"rendered":"<p>In unserer Vereinsmeisterschaft bieten wir in diesem Jahr insgesamt 5 Klasse an; es sollte also f\u00fcr jeden etwas dabei sein. Drei Elektro-Klassen treffen auf zwei Verbrenner-Klassen.<\/p>\n<p>Hier ein kleiner \u00dcberblick:<\/p>\n<p><span style=\"color: #1b8be0; font-size: medium;\">Einsteiger\/Gentleman &#8211; die Klasse f\u00fcr Einsteiger\u00a0<\/span><\/p>\n<p>kosteng\u00fcnstig &#8211; einfach &#8211; vielf\u00e4ltig<\/p>\n<p>In unserer neu geschaffenen Einsteigerklasse ist fast alles zugelassen, was 4 R\u00e4der besitzt und per Elektromotor angetrieben wird. Diese Klasse erm\u00f6glicht Neulingen einen ersten Blick in\u00b4s Renngeschehen zu werfen ohne dass dabei der Geldbeutel strapaziert wird. Ein vorgeschriebener Motor, der bei Bedarf von uns ausgeliehen werden kann und eine Beschr\u00e4nkung auf Stra\u00dfenfahrzeuge sorgt f\u00fcr Chancengleichheit bei gleichzeitig viel Freiraum. F\u00fcr Fragen und W\u00fcnsche stehen die anderen anwesenden Fahrer immer zur Verf\u00fcgung!<\/p>\n<p><span style=\"color: #1b8be0; font-size: medium;\">2WD\/Formel\/Pro10 &#8211; die Klasse mit Potential<\/span><\/p>\n<p><a href=\"http:\/\/www.rcmsc.de\/cms\/wp-content\/uploads\/2012\/05\/2012-02-22-IMG_0937.jpg\"><img loading=\"lazy\" decoding=\"async\" class=\"alignleft  wp-image-773\" title=\"2012-02-22-IMG_0937\" src=\"http:\/\/www.rcmsc.de\/cms\/wp-content\/uploads\/2012\/05\/2012-02-22-IMG_0937.jpg\" alt=\"\" width=\"194\" height=\"130\" srcset=\"https:\/\/www.rcmsc.de\/cms\/wp-content\/uploads\/2012\/05\/2012-02-22-IMG_0937.jpg 799w, https:\/\/www.rcmsc.de\/cms\/wp-content\/uploads\/2012\/05\/2012-02-22-IMG_0937-300x200.jpg 300w, https:\/\/www.rcmsc.de\/cms\/wp-content\/uploads\/2012\/05\/2012-02-22-IMG_0937-449x300.jpg 449w\" sizes=\"auto, (max-width: 194px) 100vw, 194px\" \/><\/a><\/p>\n<p>Die neuste Klasse in unserer Vereinsmeisterschaft ist offen f\u00fcr alle Pancars, sprich alle heckgetriebenen Fahrzeuge mit einer durchgehenden Hinterachse. Wie auch bei den Tourenwagen werden diese Fahrzeuge von Brushless-Motoren angetrieben, verf\u00fcgen jedoch \u00fcber Moosgummireifen.<br \/>\nDie Schwierigkeit besteht in dieser Klasse darin, die heckgetriebenen Autos m\u00f6glichst rund zu fahren und zu hartes Bremsen zu vermeiden, da dies unweigerlich zum Ausbrechen des Fahrzeugs f\u00fchrt, da ja nur die Hinterr\u00e4der gebremst werden.<\/p>\n<p><a href=\"http:\/\/www.rcmsc.de\/cms\/wp-content\/uploads\/2012\/05\/2012-02-22-IMG_0950.jpg\"><br \/>\n<img loading=\"lazy\" decoding=\"async\" class=\"alignright\" title=\"2012-02-22-IMG_0950\" src=\"http:\/\/www.rcmsc.de\/cms\/wp-content\/uploads\/2012\/05\/2012-02-22-IMG_0950.jpg\" alt=\"\" width=\"201\" height=\"134\" \/><\/a><br \/>\nDer Aufbau des Chassis an sich ist in dieser Klasse relativ einfach gehalten, da meiste keine komplizierte Fahrwerksmechanik, wie im Tourenwagen, verbaut ist. Motoraufnahme und Halter f\u00fcr die Hinterachse bilden zusammen das s.g. Powerpod, welches mittig an der eigentlichen Chassis-Platte meist mit einer Kugelaufh\u00e4ngung befestigt ist und von zwei seitlichen Links &#8222;in Spur&#8220; gehalten wird.<\/p>\n<p>W\u00e4hrend die Klasse bis vor zwei Jahren haupts\u00e4chlich von den Formel 1 Fahrzeugen dominiert wurde, die vom Chassisaufbau recht \u00e4hnlich sind, jedoch mit Formel 1 Karossen fahren, wurde im Zuge unseres neuen Reglements die Klasse auch f\u00fcr die schmalen Pro10 Fahrzeuge ge\u00f6ffnet und vorallem dank dem Mehr an Motorleistung interessant.<\/p>\n<p>So stellt diese Klasse eine echte Alternative f\u00fcr all diejenigen dar, denen Modified zu &#8222;eckig&#8220; und materialintensiv ist, man aber trotzdem noch schnell fahren m\u00f6chte. Die Rundenzeiten liegen auf Modified-Niveau, jedoch ist das Fahrbild deutlich runder und sch\u00f6ner anzusehen. Nebenbei sehen die Karossen aus wie damals die Sportprototypen der Gruppe C bzw WSC und faszinieren durch ihren deutlich h\u00f6heren Anpressdruck verglichen mit den Tourenwagen.<\/p>\n<p><span style=\"font-size: medium; color: #1b8be0;\">Tourenwagen Standard<\/span><\/p>\n<p>Die wahrscheinlich mittlerweile popul\u00e4rste Klasse unter den Elektroklassen &#8211; Tourenwagen Standard. Wie der Name schon verr\u00e4t, ist die Materialschlacht durch einige Vorgaben und Beschr\u00e4nkungen recht gut einged\u00e4mmt. Durch einen festgelegten Motor, Zero-Boost-Regler ohne Powersoftware und eine festgelegte Untersetzung wird die Chancengleichheit ungemein erh\u00f6rt.<br \/>\n<a href=\"http:\/\/www.rcmsc.de\/cms\/wp-content\/uploads\/2012\/gal_vm2_2012\/content\/images\/large\/IMG_6606.jpg\"><br \/>\n<img loading=\"lazy\" decoding=\"async\" class=\"alignleft\" title=\"kl\" src=\"http:\/\/www.rcmsc.de\/cms\/wp-content\/uploads\/2012\/gal_vm2_2012\/content\/images\/large\/IMG_6606.jpg\" alt=\"\" width=\"211\" height=\"141\" \/><\/a>Lediglich bei den Reifen und Karossen sowie dem Fahrzeug selbst hat man die Qual der Wahl. W\u00e4hrend bei den Chassis immer noch ein bunter Mix aus s\u00e4mtlichen Herstellern herrscht, haben sich bei den Karossen einige wenige durchgesetzt war zu einem recht einheitlichen Bild in den Tourenwagenklassen f\u00fchrt. Auf dem Greuthof funktionieren wie auf den meisten Strecken die Sorex-Reifen am Besten.<a href=\"http:\/\/www.rcmsc.de\/cms\/wp-content\/uploads\/2012\/gal_vm2_2012\/content\/images\/large\/IMG_6606.jpg\"><br \/>\n<\/a><\/p>\n<p>Durch den permanenten Allradantrieb &#8211; sei es durch Riemen oder Antriebswelle &#8211; sind die Tourenwagen einfacher zu fahren als die 2WD\u00b4ler, was diese Klasse zusammen mit den Beschr\u00e4nkungen f\u00fcr Einsteiger am attraktivsten macht. So ist es nicht verwunderlich, dass bei uns in dieser Klasse die meisten Fahrer und die meisten Jugendlichen unterwegs sind!<\/p>\n<p><span style=\"font-size: medium; color: #1b8be0;\">Tourenwagen Modified<\/span><\/p>\n<p>Vom Grundger\u00fcst her identisch mit Tourenwagen Standard, nur ohne Motorbeschr\u00e4nkung und freigegebener Untersetzung. Ebenso sind s\u00e4mtliche Regler erlaubt. Auch Moosgummireifen sind bei uns zugelassen. Man ahnt es schon &#8211; die mit Abstand schnellste bei uns gefahrene Elektroklasse was die Endgeschwindigkeiten angeht. In der Rundenzeit allerdings nur geringf\u00fcgig schneller als unsere 2WD-Klasse.<\/p>\n<p><span style=\"font-size: medium; color: #1b8be0;\">Verbrenner Glattbahn 1\/8<\/span><\/p>\n<p><a href=\"http:\/\/www.rcmsc.de\/cms\/wp-content\/uploads\/2012\/05\/2011-05-08-IMG_3825.jpg\"><img loading=\"lazy\" decoding=\"async\" class=\"alignright\" title=\"vmk\" src=\"http:\/\/www.rcmsc.de\/cms\/wp-content\/uploads\/2012\/05\/2011-05-08-IMG_3825.jpg\" alt=\"\" width=\"230\" height=\"154\" \/><\/a>Die schnellste der Verbrenner-Klassen, die Fahrzeuge im\u00a0<strong>Ma\u00dfstab 1:8<\/strong>\u00a0mit Allradantrieb \u00fcber Zahnriemen und Karosserien, die enormen Abtrieb generieren und das Fahrzeug regelrecht auf den Asphalt &#8222;pressen&#8220;. Dadurch werden enorme Kurvengeschwindigkeiten erreicht, wie sie bei den Verbrennern nur in dieser Klasse m\u00f6glich sind. F\u00fcr die Zuschauer zusammen mit dem Sound der Motoren ein echter Augenschmaus, der Motorsport-Feeling garantiert. Allerdings in unserer Vereinsmeisterschaft nur sehr sp\u00e4rlich besetzt, da unsere Fahrer in dieser Klasse meist auf gr\u00f6\u00dferen Rennen europaweit unterwegs sind.<\/p>\n<p><span style=\"font-size: medium; color: #1b8be0;\">Verbrenner Glattbahn 1\/10scale<\/span><\/p>\n<p><a href=\"http:\/\/www.rcmsc.de\/cms\/wp-content\/uploads\/2012\/05\/2011-05-08-IMG_3770.jpg\"><img loading=\"lazy\" decoding=\"async\" class=\"alignleft\" title=\"vm\" src=\"http:\/\/www.rcmsc.de\/cms\/wp-content\/uploads\/2012\/05\/2011-05-08-IMG_3770.jpg\" alt=\"\" width=\"230\" height=\"154\" \/><\/a>Die Klasse<strong>\u00a01:10scale<\/strong>\u00a0steht im Feeling den 1:8ern in nichts nach und gl\u00e4nzt mit spannenden Zweik\u00e4mpfen und einem realistischen Erscheinungsbild. Ebenfalls allradgetrieben erm\u00f6glichen diese kleinen Wunderwerke der Technik enorm hohe Geschwindigkeiten und bieten dank ihrer Wendigkeit gro\u00dfes Zweikampfpotential. Wie bei den 1\/8ern auch allerdings nur sehr selten bei den Rennen zur Vereinsmeisterschaft unterwegs.<\/p>\n","protected":false},"excerpt":{"rendered":"<p>In unserer Vereinsmeisterschaft bieten wir in diesem Jahr insgesamt 5 Klasse an; es sollte also f\u00fcr jeden etwas dabei sein. Drei Elektro-Klassen treffen auf zwei Verbrenner-Klassen. Hier ein kleiner \u00dcberblick: Einsteiger\/Gentleman &#8211; die Klasse f\u00fcr Einsteiger\u00a0 kosteng\u00fcnstig &#8211; einfach &#8211; vielf\u00e4ltig In unserer neu &hellip; <a class=\"kt-excerpt-readmore\" href=\"https:\/\/www.rcmsc.de\/cms\/clubmeisterschaft\/die-klassen\/\" aria-label=\"Klassen\">Weiterlesen<\/a><\/p>\n","protected":false},"author":2,"featured_media":0,"parent":54,"menu_order":0,"comment_status":"open","ping_status":"open","template":"","meta":{"kt_blocks_editor_width":"","footnotes":""},"class_list":["post-770","page","type-page","status-publish","hentry"],"_links":{"self":[{"href":"https:\/\/www.rcmsc.de\/cms\/wp-json\/wp\/v2\/pages\/770","targetHints":{"allow":["GET"]}}],"collection":[{"href":"https:\/\/www.rcmsc.de\/cms\/wp-json\/wp\/v2\/pages"}],"about":[{"href":"https:\/\/www.rcmsc.de\/cms\/wp-json\/wp\/v2\/types\/page"}],"author":[{"embeddable":true,"href":"https:\/\/www.rcmsc.de\/cms\/wp-json\/wp\/v2\/users\/2"}],"replies":[{"embeddable":true,"href":"https:\/\/www.rcmsc.de\/cms\/wp-json\/wp\/v2\/comments?post=770"}],"version-history":[{"count":0,"href":"https:\/\/www.rcmsc.de\/cms\/wp-json\/wp\/v2\/pages\/770\/revisions"}],"up":[{"embeddable":true,"href":"https:\/\/www.rcmsc.de\/cms\/wp-json\/wp\/v2\/pages\/54"}],"wp:attachment":[{"href":"https:\/\/www.rcmsc.de\/cms\/wp-json\/wp\/v2\/media?parent=770"}],"curies":[{"name":"wp","href":"https:\/\/api.w.org\/{rel}","templated":true}]}}