{"id":80,"date":"2012-03-21T22:30:37","date_gmt":"2012-03-21T21:30:37","guid":{"rendered":"http:\/\/rcmsc.de\/cms\/?page_id=80"},"modified":"2026-02-15T13:01:57","modified_gmt":"2026-02-15T12:01:57","slug":"arbeitsdienste","status":"publish","type":"page","link":"https:\/\/www.rcmsc.de\/cms\/verein\/arbeitsdienste\/","title":{"rendered":"Arbeitsdienste 2026"},"content":{"rendered":"<p>Ein Verein lebt vom Engagement seiner Mitglieder. So sind auch wir darauf angewiesen, dass Aufgaben wie die Instandhaltung und Veranstaltungsorganisation und &#8211; durchf\u00fchrung von unseren Mitgliedern erledigt werden. Wie in jedem Jahr sind auch in diesem wieder einige Arbeitsdienste notwendig um den Zustand unserer Strecke zu erhalten und zu verbessern. Wir bitten Euch, zu den angesetzten Arbeitsdiensten zahlreich zu erscheinen, um unsere Strecke am Leben zu erhalten!<\/p>\n<p><strong>Um besser planen zu k\u00f6nnen ist eine R\u00fcckmeldung, ob ihr an einem Arbeitsdienst teilnehmen werdet, sehr hilfreich. Dies ist unten \u00fcber den Anmeldelink des jeweiligen Termins ins wenigen Sekunden erledigt.<\/strong><\/p>\n<p>Falls jemand auch au\u00dferhalb der angesetzten offiziellen Arbeitsdienste Leistungen im Umfeld der Strecke erbringen m\u00f6chte, kann dies in Absprache mit der Vereinsf\u00fchrung als Arbeitsstunden anrechnen lassen!<\/p>\n<p>An den Samstagen vor den jeweiligen Vereinsmeisterschaftsl\u00e4ufen sind kleinere Arbeitsdienste angesetzt, sprich Strecke kehren, Rasen m\u00e4hen, evtl. Hecke schneiden<\/p>\n\n\n<figure class=\"wp-block-table\"><table><thead><tr><th>Wann?<\/th><th>Was?<\/th><th>Anmeldung<\/th><\/tr><\/thead><tbody><tr><td>??.?? &#8211; 10:00 Uhr<\/td><td>Gel\u00e4nde Instandhaltung<\/td><td>bei Bernd Nottebom<\/td><\/tr><tr><td>18.04 &#8211; 10:00 Uhr<\/td><td>Zeltaufbau<\/td><td>bei Bernd Nottebom<\/td><\/tr><tr><td>??.04 &#8211; 10:00 Uhr<\/td><td>Arbeitseinsatz<\/td><td>bei Bernd Nottebom<\/td><\/tr><tr><td>30.05.-31.05 &#8211; 08:00 Uhr<\/td><td>RCK Challenge 2026<\/td><td>&gt;&gt;anmelden<\/td><\/tr><tr><td>26.09. &#8211; 10:00 Uhr<\/td><td>Zeltabbau<\/td><td>bei Bernd Nottebom<\/td><\/tr><\/tbody><\/table><\/figure>\n","protected":false},"excerpt":{"rendered":"<p>Ein Verein lebt vom Engagement seiner Mitglieder. So sind auch wir darauf angewiesen, dass Aufgaben wie die Instandhaltung und Veranstaltungsorganisation und &#8211; durchf\u00fchrung von unseren Mitgliedern erledigt werden. Wie in jedem Jahr sind auch in diesem wieder einige Arbeitsdienste notwendig um den Zustand unserer &hellip; <a class=\"kt-excerpt-readmore\" href=\"https:\/\/www.rcmsc.de\/cms\/verein\/arbeitsdienste\/\" aria-label=\"Arbeitsdienste 2026\">Weiterlesen<\/a><\/p>\n","protected":false},"author":2,"featured_media":0,"parent":24,"menu_order":0,"comment_status":"closed","ping_status":"closed","template":"","meta":{"kt_blocks_editor_width":"","footnotes":""},"class_list":["post-80","page","type-page","status-publish","hentry"],"_links":{"self":[{"href":"https:\/\/www.rcmsc.de\/cms\/wp-json\/wp\/v2\/pages\/80","targetHints":{"allow":["GET"]}}],"collection":[{"href":"https:\/\/www.rcmsc.de\/cms\/wp-json\/wp\/v2\/pages"}],"about":[{"href":"https:\/\/www.rcmsc.de\/cms\/wp-json\/wp\/v2\/types\/page"}],"author":[{"embeddable":true,"href":"https:\/\/www.rcmsc.de\/cms\/wp-json\/wp\/v2\/users\/2"}],"replies":[{"embeddable":true,"href":"https:\/\/www.rcmsc.de\/cms\/wp-json\/wp\/v2\/comments?post=80"}],"version-history":[{"count":10,"href":"https:\/\/www.rcmsc.de\/cms\/wp-json\/wp\/v2\/pages\/80\/revisions"}],"predecessor-version":[{"id":4089,"href":"https:\/\/www.rcmsc.de\/cms\/wp-json\/wp\/v2\/pages\/80\/revisions\/4089"}],"up":[{"embeddable":true,"href":"https:\/\/www.rcmsc.de\/cms\/wp-json\/wp\/v2\/pages\/24"}],"wp:attachment":[{"href":"https:\/\/www.rcmsc.de\/cms\/wp-json\/wp\/v2\/media?parent=80"}],"curies":[{"name":"wp","href":"https:\/\/api.w.org\/{rel}","templated":true}]}}