{"id":83,"date":"2012-03-21T22:33:50","date_gmt":"2012-03-21T21:33:50","guid":{"rendered":"http:\/\/rcmsc.de\/cms\/?page_id=83"},"modified":"2025-09-22T17:22:24","modified_gmt":"2025-09-22T15:22:24","slug":"mitglied-werden","status":"publish","type":"page","link":"https:\/\/www.rcmsc.de\/cms\/verein\/mitglied-werden\/","title":{"rendered":"Mitglied werden"},"content":{"rendered":"<h3><a href=\"http:\/\/www.rcmsc.de\/cms\/wp-content\/uploads\/2012\/04\/IMG_0104_VM3.jpg\"><img loading=\"lazy\" decoding=\"async\" class=\"wp-image-472 aligncenter\" src=\"http:\/\/www.rcmsc.de\/cms\/wp-content\/uploads\/2012\/04\/IMG_0104_VM3.jpg\" alt=\"IMG_0104_VM3\" width=\"346\" height=\"152\" \/><\/a><\/h3>\n<p>Egal ob Tourenwagen 1:10, Formel 1 oder 1:8 GT Fahrer &#8211; unsere Rennstrecke bietet jedem die M\u00f6glichkeit, Automodellrennsport unter Gleichgesinnten zu betreiben. Wie viele andere Freizeitbesch\u00e4ftigungen auch macht RC Car Fahren im Verein am meisten Spa\u00df. Man trainiert zusammen, bekommt gute Ratschl\u00e4ge von erfahrenen Mitgliedern und f\u00e4hrt zusammen zu Rennveranstaltungen bei anderen Vereinen.<\/p>\n<p>F\u00fcr Kinder und Jugendliche bietet das RC Car Fahren die M\u00f6glichkeit, mit verschiedensten Facetten moderner Technik in Ber\u00fchrung zu kommen. Physikalische Zusammenh\u00e4nge, handwerkliche Fertigkeiten wie L\u00f6ten und eine Verbesserung der Hand Auge Koordination &#8211; alles Dinge, die ein Teil unserer sch\u00f6nen Freizeitbesch\u00e4ftigung sind.<\/p>\n<p>Gerne beraten wir auch Interessierte, wie sie am besten einen Einstieg in dieses faszinierende Hobby finden. Unsere Mitgliedsbeitr\u00e4ge sind dabei so gestaltet, dass niemand die Kosten scheuen muss. Der Beitritt zu unserem Dachverband, dem Deutschen Minicar Club (DMC) ist nur notwendig, wenn man direkt an \u00fcberregionalen Rennveranstaltungen teilnehmen m\u00f6chte und somit optional.<\/p>\n<p>Unsere Vereinsanlage erfordert jeden Sommer auch einiges an Pflege. Dazu sollten alle Vereinsmitglieder zusammenhelfen. Jedes Mitglied ist deshalb verpflichtet, eine Geb\u00fchr f\u00fcr den Arbeitsdienst zu erbringen, die wir nach Erbringung des Arbeitsdienstes zur\u00fcckerstatten.<\/p>\n<p>Interessierte wenden sich bitte an unseren Vorstand <span style=\"text-decoration: underline;\"><a href=\"https:\/\/www.rcmsc.de\/cms\/impressum\/\">&gt;&gt;Fredy Dietrich<\/a><\/span>. Bei sch\u00f6nem Wetter ist von M\u00e4rz bis Oktober zumindest an den Wochenenden mit gro\u00dfer Wahrscheinlichkeit auch an der Strecke ein Mitglied anzutreffen, das gerne Auskunft gibt und die ersten Fragen beantwortet.<\/p>\n<p>Die notwendigen Unterlagen f\u00fcr die Beantragung einer Mitgliedschaft k\u00f6nnen unten direkt heruntergeladen werden.<\/p>\n<h3><a href=\"https:\/\/www.rcmsc.de\/cms\/wp-content\/uploads\/2021\/04\/Aufnahmeantrag_RCMSC_Greuthof.pdf\">&gt;&gt;Aufnahmeantrag<\/a><\/h3>\n<h3><a href=\"https:\/\/www.rcmsc.de\/cms\/wp-content\/uploads\/2025\/09\/Gebuehrentabelle.pdf\" target=\"_blank\" rel=\"noopener noreferrer\">&gt;&gt;Geb\u00fchrentabelle<\/a><\/h3>\n<h3><a href=\"https:\/\/www.rcmsc.de\/images\/data\/verein\/satzung.pdf\" target=\"_blank\" rel=\"noopener noreferrer\">&gt;&gt;Satzung<\/a><\/h3>\n<table style=\"width: 100%;\" border=\"0\" width=\"300\">\n<tbody>\n<tr>\n<td style=\"width: 46.7241%;\">\n<h4>\u00dcbersicht der Mitgliedsbeitr\u00e4ge<\/h4>\n<table style=\"height: 838px; width: 46.5641%;\" border=\"0\" width=\"171\" cellspacing=\"5\" cellpadding=\"5\">\n<tbody>\n<tr>\n<td style=\"width: 60.404%;\" valign=\"top\" width=\"37%\"><strong>Jahresbeitr\u00e4ge<\/strong><\/td>\n<td style=\"width: 52.4634%;\" align=\"right\" valign=\"top\" width=\"13%\"><strong>EURO<\/strong><\/td>\n<\/tr>\n<tr>\n<td style=\"width: 60.404%;\" valign=\"top\" width=\"37%\">Aktive Mitglieder<\/td>\n<td style=\"width: 52.4634%;\" align=\"right\" valign=\"top\" width=\"13%\">30,00<\/td>\n<\/tr>\n<tr>\n<td style=\"width: 60.404%;\" valign=\"top\" width=\"37%\">Passive Mitglieder<\/td>\n<td style=\"width: 52.4634%;\" align=\"right\" valign=\"top\" width=\"13%\">10,00<\/td>\n<\/tr>\n<tr>\n<td style=\"width: 60.404%;\" valign=\"top\" width=\"37%\">Aktive Jugendliche Mitglieder<\/td>\n<td style=\"width: 52.4634%;\" align=\"right\" valign=\"top\" width=\"13%\">10,00<\/td>\n<\/tr>\n<tr>\n<td style=\"width: 60.404%;\" valign=\"top\" width=\"37%\">Passive Jugendliche Mitglieder<\/td>\n<td style=\"width: 52.4634%;\" align=\"right\" valign=\"top\" width=\"13%\">5,00<\/td>\n<\/tr>\n<tr>\n<td style=\"width: 112.867%;\" colspan=\"2\" valign=\"top\" height=\"10\"><\/td>\n<\/tr>\n<tr>\n<td style=\"width: 112.867%;\" colspan=\"2\" valign=\"top\"><strong>Aufnahmegeb\u00fchr<\/strong><\/td>\n<\/tr>\n<tr>\n<td style=\"width: 60.404%;\" valign=\"top\" width=\"37%\">Erwachsene<\/td>\n<td style=\"width: 52.4634%;\" align=\"right\" valign=\"top\" width=\"13%\">0,00<\/td>\n<\/tr>\n<tr>\n<td style=\"width: 60.404%;\" valign=\"top\" width=\"37%\">Jugendliche<\/td>\n<td style=\"width: 52.4634%;\" align=\"right\" valign=\"top\" width=\"13%\">0,00<\/td>\n<\/tr>\n<tr>\n<td style=\"width: 112.867%;\" colspan=\"2\" valign=\"top\" height=\"10\"><\/td>\n<\/tr>\n<tr>\n<td style=\"width: 112.867%;\" colspan=\"2\" valign=\"top\"><strong>Arbeitsdienstleistung<\/strong><\/td>\n<\/tr>\n<tr>\n<td style=\"width: 60.404%;\" valign=\"top\" width=\"37%\">10 Stunden \u00e0<\/td>\n<td style=\"width: 52.4634%;\" align=\"right\" valign=\"top\" width=\"13%\">5,00<\/td>\n<\/tr>\n<tr>\n<td style=\"width: 112.867%;\" colspan=\"2\" valign=\"top\">(ab 18 Jahre &#8211; wird bei erbrachter Arbeitsleistung zur\u00fcckerstattet)<\/td>\n<\/tr>\n<tr>\n<td style=\"width: 112.867%;\" colspan=\"2\" valign=\"top\" height=\"10\"><\/td>\n<\/tr>\n<tr>\n<td style=\"width: 112.867%;\" colspan=\"2\" valign=\"top\"><strong>DMC Jahresbeitr\u00e4ge<\/strong><\/td>\n<\/tr>\n<tr>\n<td style=\"width: 60.404%;\" valign=\"top\" width=\"37%\">Erwachsene<\/td>\n<td style=\"width: 52.4634%;\" align=\"right\" valign=\"top\" width=\"13%\">60,00<\/td>\n<\/tr>\n<tr>\n<td style=\"width: 60.404%;\" valign=\"top\" width=\"37%\">Jugendliche<\/td>\n<td style=\"width: 52.4634%;\" align=\"right\" valign=\"top\" width=\"13%\">30,00<\/td>\n<\/tr>\n<tr>\n<td style=\"width: 112.867%;\" colspan=\"2\" valign=\"top\" height=\"10\"><\/td>\n<\/tr>\n<tr>\n<td style=\"width: 112.867%;\" colspan=\"2\" valign=\"top\"><strong>DMC Aufnahmegeb\u00fchr<\/strong><\/td>\n<\/tr>\n<tr>\n<td style=\"width: 60.404%;\" valign=\"top\" width=\"37%\">Erwachsene<\/td>\n<td style=\"width: 52.4634%;\" align=\"right\" valign=\"top\" width=\"13%\">10,00<\/td>\n<\/tr>\n<tr>\n<td style=\"width: 60.404%;\" valign=\"top\" width=\"37%\">Jugendliche<\/td>\n<td style=\"width: 52.4634%;\" align=\"right\" valign=\"top\" width=\"13%\">0,00<\/td>\n<\/tr>\n<tr>\n<td style=\"width: 112.867%;\" colspan=\"2\" valign=\"top\" height=\"10\"><\/td>\n<\/tr>\n<tr>\n<td style=\"width: 60.404%;\" valign=\"top\" width=\"37%\"><strong>Gastfahrergeb\u00fchr pro Tag<\/strong><\/td>\n<td style=\"width: 52.4634%;\" align=\"right\" valign=\"top\" width=\"13%\">10,00<\/td>\n<\/tr>\n<\/tbody>\n<\/table>\n<\/td>\n<\/tr>\n<\/tbody>\n<\/table>\n","protected":false},"excerpt":{"rendered":"<p>Egal ob Tourenwagen 1:10, Formel 1 oder 1:8 GT Fahrer &#8211; unsere Rennstrecke bietet jedem die M\u00f6glichkeit, Automodellrennsport unter Gleichgesinnten zu betreiben. Wie viele andere Freizeitbesch\u00e4ftigungen auch macht RC Car Fahren im Verein am meisten Spa\u00df. Man trainiert zusammen, bekommt gute Ratschl\u00e4ge von erfahrenen &hellip; <a class=\"kt-excerpt-readmore\" href=\"https:\/\/www.rcmsc.de\/cms\/verein\/mitglied-werden\/\" aria-label=\"Mitglied werden\">Weiterlesen<\/a><\/p>\n","protected":false},"author":2,"featured_media":0,"parent":24,"menu_order":0,"comment_status":"closed","ping_status":"closed","template":"","meta":{"kt_blocks_editor_width":"","footnotes":""},"class_list":["post-83","page","type-page","status-publish","hentry"],"_links":{"self":[{"href":"https:\/\/www.rcmsc.de\/cms\/wp-json\/wp\/v2\/pages\/83","targetHints":{"allow":["GET"]}}],"collection":[{"href":"https:\/\/www.rcmsc.de\/cms\/wp-json\/wp\/v2\/pages"}],"about":[{"href":"https:\/\/www.rcmsc.de\/cms\/wp-json\/wp\/v2\/types\/page"}],"author":[{"embeddable":true,"href":"https:\/\/www.rcmsc.de\/cms\/wp-json\/wp\/v2\/users\/2"}],"replies":[{"embeddable":true,"href":"https:\/\/www.rcmsc.de\/cms\/wp-json\/wp\/v2\/comments?post=83"}],"version-history":[{"count":2,"href":"https:\/\/www.rcmsc.de\/cms\/wp-json\/wp\/v2\/pages\/83\/revisions"}],"predecessor-version":[{"id":4000,"href":"https:\/\/www.rcmsc.de\/cms\/wp-json\/wp\/v2\/pages\/83\/revisions\/4000"}],"up":[{"embeddable":true,"href":"https:\/\/www.rcmsc.de\/cms\/wp-json\/wp\/v2\/pages\/24"}],"wp:attachment":[{"href":"https:\/\/www.rcmsc.de\/cms\/wp-json\/wp\/v2\/media?parent=83"}],"curies":[{"name":"wp","href":"https:\/\/api.w.org\/{rel}","templated":true}]}}