{"id":88,"date":"2012-03-21T22:53:36","date_gmt":"2012-03-21T21:53:36","guid":{"rendered":"http:\/\/rcmsc.de\/cms\/?page_id=88"},"modified":"2024-04-10T08:57:48","modified_gmt":"2024-04-10T06:57:48","slug":"links","status":"publish","type":"page","link":"https:\/\/www.rcmsc.de\/cms\/links\/","title":{"rendered":"Links"},"content":{"rendered":"<p>Im S\u00fcden Deutschlands sind wir in der gl\u00fccklichen Lage, da\u00df in unmittelbarer Nachbarschaft<br \/>\nmehrere Minicar-Rennstrecken ans\u00e4ssig sind. Hier ein paar Links zu befreundeten Vereinen<br \/>\nim Internet:<\/p>\n<p><a href=\"https:\/\/www.mcc-fellbach.de\" target=\"_blank\" rel=\"noopener\">&gt;&gt;MCC Fellbach<\/a><\/p>\n<p><a href=\"https:\/\/mcc-crailsheim.de\/\" target=\"_blank\" rel=\"noopener\">&gt;&gt;Mini Car Club Crailsheim<\/a><\/p>\n<p><a href=\"http:\/\/mrc-mannheim.de\/\" target=\"_blank\" rel=\"noopener\">&gt;&gt;1. MRC Mannheim<\/a><\/p>\n<p><a href=\"https:\/\/tobiashenkel1.wixsite.com\/emcm\" target=\"_blank\" rel=\"noopener\">&gt;&gt;EMC Marktoberdorf<\/a><\/p>\n<p><a href=\"http:\/\/www.mbcbamberg.de\/\" target=\"_blank\" rel=\"noopener\">&gt;&gt;MBC Bamberg<\/a><\/p>\n<p><a href=\"http:\/\/www.rt-fichtenberg.eu\/\" target=\"_blank\" rel=\"noopener\">&gt;&gt;RT Fichtenberg<\/a><\/p>\n<p><a href=\"http:\/\/www.macn.de\/\" target=\"_blank\" rel=\"noopener\">&gt;&gt;MACN N\u00fcrnberg<\/a><\/p>\n<p><a href=\"http:\/\/www.msc-roetz.de\/\" target=\"_blank\" rel=\"noopener\">&gt;&gt;MSC R\u00f6tz<\/a><\/p>\n<p><a href=\"http:\/\/www.mcc-tuerkheim.de\/\" target=\"_blank\" rel=\"noopener\">&gt;&gt;MCC &#8211; T\u00fcrkheim<\/a><\/p>\n<p><a href=\"http:\/\/www.mrsc-amberg.de\/\" target=\"_blank\" rel=\"noopener\">&gt;&gt;MRSC &#8211; Amberg<\/a><\/p>\n<p><a href=\"http:\/\/www.mrg-dogern.com\/\" target=\"_blank\" rel=\"noopener\">&gt;&gt;MRG Dogern<\/a><\/p>\n<p><a href=\"http:\/\/www.mcg-strohgaeu.de\/\" target=\"_blank\" rel=\"noopener\">&gt;&gt;MCG Strohg\u00e4u<\/a><\/p>\n","protected":false},"excerpt":{"rendered":"<p>Im S\u00fcden Deutschlands sind wir in der gl\u00fccklichen Lage, da\u00df in unmittelbarer Nachbarschaft mehrere Minicar-Rennstrecken ans\u00e4ssig sind. Hier ein paar Links zu befreundeten Vereinen im Internet: &gt;&gt;MCC Fellbach &gt;&gt;Mini Car Club Crailsheim &gt;&gt;1. MRC Mannheim &gt;&gt;EMC Marktoberdorf &gt;&gt;MBC Bamberg &gt;&gt;RT Fichtenberg &gt;&gt;MACN N\u00fcrnberg &gt;&gt;MSC &hellip; <a class=\"kt-excerpt-readmore\" href=\"https:\/\/www.rcmsc.de\/cms\/links\/\" aria-label=\"Links\">Weiterlesen<\/a><\/p>\n","protected":false},"author":2,"featured_media":0,"parent":0,"menu_order":0,"comment_status":"open","ping_status":"open","template":"","meta":{"kt_blocks_editor_width":"","footnotes":""},"class_list":["post-88","page","type-page","status-publish","hentry"],"_links":{"self":[{"href":"https:\/\/www.rcmsc.de\/cms\/wp-json\/wp\/v2\/pages\/88","targetHints":{"allow":["GET"]}}],"collection":[{"href":"https:\/\/www.rcmsc.de\/cms\/wp-json\/wp\/v2\/pages"}],"about":[{"href":"https:\/\/www.rcmsc.de\/cms\/wp-json\/wp\/v2\/types\/page"}],"author":[{"embeddable":true,"href":"https:\/\/www.rcmsc.de\/cms\/wp-json\/wp\/v2\/users\/2"}],"replies":[{"embeddable":true,"href":"https:\/\/www.rcmsc.de\/cms\/wp-json\/wp\/v2\/comments?post=88"}],"version-history":[{"count":2,"href":"https:\/\/www.rcmsc.de\/cms\/wp-json\/wp\/v2\/pages\/88\/revisions"}],"predecessor-version":[{"id":3499,"href":"https:\/\/www.rcmsc.de\/cms\/wp-json\/wp\/v2\/pages\/88\/revisions\/3499"}],"wp:attachment":[{"href":"https:\/\/www.rcmsc.de\/cms\/wp-json\/wp\/v2\/media?parent=88"}],"curies":[{"name":"wp","href":"https:\/\/api.w.org\/{rel}","templated":true}]}}