{"id":9,"date":"2012-03-21T17:40:04","date_gmt":"2012-03-21T16:40:04","guid":{"rendered":"http:\/\/rcmsc.de\/cms\/?page_id=9"},"modified":"2026-01-11T12:47:16","modified_gmt":"2026-01-11T11:47:16","slug":"willkommen","status":"publish","type":"page","link":"https:\/\/www.rcmsc.de\/cms\/","title":{"rendered":"Willkommen beim RC-MSC Greuthof e.V."},"content":{"rendered":"\n<p>Der RC-MSC Greuthof ist ein Verein mit eigener Rennstrecke zum Betrieb von Elektro Onroad RC Fahrzeugen im Ma\u00dfstab 1\/8-1\/10. Das Vereinsgel\u00e4nde liegt 15km s\u00fcd\u00f6stlich von Heilbronn in W\u00fcstenrot-Greuthof direkt am Waldrand. Die einzigartige Lage inmitten der Natur ist ein besonderes Alleinstellungsmerkmal. Eingebettet in einen Wiesenhang bietet der Greuthofring ein besonders Fahrerlebnis, welches sich deutlich von Strecken ohne H\u00f6hendifferenzen unterscheidet. Eben diese H\u00f6hendifferenz und h\u00e4ngende Kurven machen die Strecke trotz ihres simplen Layouts anspruchsvoll und fordernd.<\/p>\n\n\n\n<figure class=\"wp-block-image size-large\"><img loading=\"lazy\" decoding=\"async\" width=\"1200\" height=\"900\" src=\"https:\/\/www.rcmsc.de\/cms\/wp-content\/uploads\/2025\/04\/IMG_1880-1200x900.jpeg\" alt=\"\" class=\"wp-image-3733\" srcset=\"https:\/\/www.rcmsc.de\/cms\/wp-content\/uploads\/2025\/04\/IMG_1880-1200x900.jpeg 1200w, https:\/\/www.rcmsc.de\/cms\/wp-content\/uploads\/2025\/04\/IMG_1880-300x225.jpeg 300w, https:\/\/www.rcmsc.de\/cms\/wp-content\/uploads\/2025\/04\/IMG_1880-768x576.jpeg 768w, https:\/\/www.rcmsc.de\/cms\/wp-content\/uploads\/2025\/04\/IMG_1880-1536x1152.jpeg 1536w, https:\/\/www.rcmsc.de\/cms\/wp-content\/uploads\/2025\/04\/IMG_1880-520x390.jpeg 520w, https:\/\/www.rcmsc.de\/cms\/wp-content\/uploads\/2025\/04\/IMG_1880-260x195.jpeg 260w, https:\/\/www.rcmsc.de\/cms\/wp-content\/uploads\/2025\/04\/IMG_1880.jpeg 2000w\" sizes=\"auto, (max-width: 1200px) 100vw, 1200px\" \/><\/figure>\n","protected":false},"excerpt":{"rendered":"<p>Der RC-MSC Greuthof ist ein Verein mit eigener Rennstrecke zum Betrieb von Elektro Onroad RC Fahrzeugen im Ma\u00dfstab 1\/8-1\/10. Das Vereinsgel\u00e4nde liegt 15km s\u00fcd\u00f6stlich von Heilbronn in W\u00fcstenrot-Greuthof direkt am Waldrand. Die einzigartige Lage inmitten der Natur ist ein besonderes Alleinstellungsmerkmal. Eingebettet in einen &hellip; <a class=\"kt-excerpt-readmore\" href=\"https:\/\/www.rcmsc.de\/cms\/\" aria-label=\"Willkommen beim RC-MSC Greuthof e.V.\">Weiterlesen<\/a><\/p>\n","protected":false},"author":2,"featured_media":0,"parent":0,"menu_order":0,"comment_status":"closed","ping_status":"closed","template":"","meta":{"kt_blocks_editor_width":"","footnotes":""},"class_list":["post-9","page","type-page","status-publish","hentry"],"_links":{"self":[{"href":"https:\/\/www.rcmsc.de\/cms\/wp-json\/wp\/v2\/pages\/9","targetHints":{"allow":["GET"]}}],"collection":[{"href":"https:\/\/www.rcmsc.de\/cms\/wp-json\/wp\/v2\/pages"}],"about":[{"href":"https:\/\/www.rcmsc.de\/cms\/wp-json\/wp\/v2\/types\/page"}],"author":[{"embeddable":true,"href":"https:\/\/www.rcmsc.de\/cms\/wp-json\/wp\/v2\/users\/2"}],"replies":[{"embeddable":true,"href":"https:\/\/www.rcmsc.de\/cms\/wp-json\/wp\/v2\/comments?post=9"}],"version-history":[{"count":63,"href":"https:\/\/www.rcmsc.de\/cms\/wp-json\/wp\/v2\/pages\/9\/revisions"}],"predecessor-version":[{"id":4055,"href":"https:\/\/www.rcmsc.de\/cms\/wp-json\/wp\/v2\/pages\/9\/revisions\/4055"}],"wp:attachment":[{"href":"https:\/\/www.rcmsc.de\/cms\/wp-json\/wp\/v2\/media?parent=9"}],"curies":[{"name":"wp","href":"https:\/\/api.w.org\/{rel}","templated":true}]}}